{"id":6592,"date":"2025-03-24T08:34:15","date_gmt":"2025-03-24T08:34:15","guid":{"rendered":"https:\/\/extempore.hr\/dichiarazione-di-accessibilita\/"},"modified":"2025-03-24T09:03:10","modified_gmt":"2025-03-24T09:03:10","slug":"dichiarazione-di-accessibilita","status":"publish","type":"page","link":"https:\/\/extempore.hr\/sl\/dichiarazione-di-accessibilita\/","title":{"rendered":"Izjava o dostopnosti"},"content":{"rendered":"<div class=\"fusion-fullwidth fullwidth-box fusion-builder-row-1 fusion-flex-container nonhundred-percent-fullwidth non-hundred-percent-height-scrolling\" style=\"--awb-border-radius-top-left:0px;--awb-border-radius-top-right:0px;--awb-border-radius-bottom-right:0px;--awb-border-radius-bottom-left:0px;--awb-flex-wrap:wrap;\" ><div class=\"fusion-builder-row fusion-row fusion-flex-align-items-flex-start fusion-flex-content-wrap\" style=\"max-width:1216.8px;margin-left: calc(-4% \/ 2 );margin-right: calc(-4% \/ 2 );\"><div class=\"fusion-layout-column fusion_builder_column fusion-builder-column-0 fusion_builder_column_1_1 1_1 fusion-flex-column\" style=\"--awb-bg-size:cover;--awb-width-large:100%;--awb-margin-top-large:0px;--awb-spacing-right-large:1.92%;--awb-margin-bottom-large:0px;--awb-spacing-left-large:1.92%;--awb-width-medium:100%;--awb-order-medium:0;--awb-spacing-right-medium:1.92%;--awb-spacing-left-medium:1.92%;--awb-width-small:100%;--awb-order-small:0;--awb-spacing-right-small:1.92%;--awb-spacing-left-small:1.92%;\"><div class=\"fusion-column-wrapper fusion-column-has-shadow fusion-flex-justify-content-flex-start fusion-content-layout-column\"><div class=\"fusion-separator fusion-no-small-visibility fusion-no-medium-visibility fusion-full-width-sep\" style=\"align-self: center;margin-left: auto;margin-right: auto;margin-top:13%;width:100%;\"><\/div><\/div><\/div><div class=\"fusion-layout-column fusion_builder_column fusion-builder-column-1 fusion_builder_column_1_6 1_6 fusion-flex-column\" style=\"--awb-bg-size:cover;--awb-width-large:16.666666666667%;--awb-margin-top-large:20px;--awb-spacing-right-large:11.52%;--awb-margin-bottom-large:20px;--awb-spacing-left-large:11.52%;--awb-width-medium:100%;--awb-spacing-right-medium:1.92%;--awb-spacing-left-medium:1.92%;--awb-width-small:100%;--awb-spacing-right-small:1.92%;--awb-spacing-left-small:1.92%;\"><div class=\"fusion-column-wrapper fusion-flex-justify-content-flex-start fusion-content-layout-column\"><\/div><\/div><div class=\"fusion-layout-column fusion_builder_column fusion-builder-column-2 fusion_builder_column_2_3 2_3 fusion-flex-column\" style=\"--awb-bg-size:cover;--awb-width-large:66.666666666667%;--awb-margin-top-large:0px;--awb-spacing-right-large:2.88%;--awb-margin-bottom-large:20px;--awb-spacing-left-large:2.88%;--awb-width-medium:100%;--awb-order-medium:0;--awb-spacing-right-medium:1.92%;--awb-spacing-left-medium:1.92%;--awb-width-small:100%;--awb-order-small:0;--awb-spacing-right-small:1.92%;--awb-spacing-left-small:1.92%;\"><div class=\"fusion-column-wrapper fusion-column-has-shadow fusion-flex-justify-content-flex-start fusion-content-layout-column\"><div class=\"fusion-title title fusion-title-1 fusion-sep-none fusion-title-text fusion-title-size-two\" style=\"--awb-margin-top-small:20px;--awb-margin-right-small:0px;--awb-margin-bottom-small:20px;--awb-margin-left-small:0px;--awb-font-size:35px;\"><h2 class=\"fusion-title-heading title-heading-left fusion-responsive-typography-calculated\" style=\"margin:0;font-size:1em;--fontSize:35;line-height:1.3;\">Izjava o dostopnosti<\/h2><\/div><div class=\"fusion-text fusion-text-1\" style=\"--awb-content-alignment:justify;--awb-font-size:12pt;\"><p>V skladu z 9. \u010dlenom Zakona o dostopnosti spleti\u0161\u010d in mobilnih aplikacij subjektov javnega sektorja (Narodne novine \u0161t. 17\/19) ter smernicami za zagotavljanje dostopnosti spletnih vsebin, ki jih je razvila iniciativa Web Accessibility Initiative (WAI),<\/p>\n<p>Unione Italiana<br \/>\nUljarska 1\/IV 51000 Fiume<\/p>\n<p>izdaja naslednjo<\/p>\n<p><strong>IZJAVO O DOSTOPNOSTI<\/strong><\/p>\n<p>Unione Italiana se zavezuje, da bo svoje spleti\u0161\u010de naredil dostopno v skladu z Zakonom o dostopnosti spleti\u0161\u010d in mobilnih aplikacij subjektov javnega sektorja (Narodne novine \u0161t. 17\/2019), s katerim je prenesena Direktiva (EU) 2016\/2102 Evropskega parlamenta in Sveta.<\/p>\n<p>Hkrati si Unione Italiana prizadeva, da bi bilo njegovo spleti\u0161\u010de skladno s smernicami za zagotavljanje dostopnosti spletnih vsebin, ki jih je razvila iniciativa Web Accessibility Initiative (WAI).<\/p>\n<p>Ta izjava se nana\u0161a na spleti\u0161\u010de:\u00a0www.extempore.hr.<\/p>\n<p><strong>Stopnja skladnosti<\/strong><\/p>\n<p>To spleti\u0161\u010de je delno skladno z Zakonom o dostopnosti spleti\u0161\u010d in mobilnih aplikacij subjektov javnega sektorja (NN 17\/19), Direktivo (EU) 2016\/2102 Evropskega parlamenta in Sveta ter smernicami za zagotavljanje dostopnosti spletnih vsebin, ki jih je razvila iniciativa Web Accessibility Initiative (WAI).<\/p>\n<p>Nedostopne vsebine V skladu z 8. \u010dlenom Zakona o dostopnosti spleti\u0161\u010d in mobilnih aplikacij subjektov javnega sektorja (NN 17\/19), 5. \u010dlenom Direktive (EU) 2016\/2102 Evropskega parlamenta in Sveta ter smernicami iniciative WAI je Unione Italiana izvedel za\u010detno oceno skladnosti svojega spleti\u0161\u010da z zahtevami glede dostopnosti.<\/p>\n<p><strong>Ugotovljene pomanjkljivosti so:<\/strong><\/p>\n<ul data-spread=\"false\">\n<li>Spleti\u0161\u010de ni v celoti skladno s standardom HTML5. Zaradi tehni\u010dnih omejitev popolna skladnost ni mogo\u010da, vendar to ne prepre\u010duje dostopa in uporabe spleti\u0161\u010da ne glede na uporabnikove zmo\u017enosti.<\/li>\n<li>Nekatere fotografije in\/ali netekstovne vsebine na spletnih straneh so dekorativne narave ali uporabljene zgolj v oblikovalske namene, zato v skladu s to\u010dko 5.1.3.6 evropskega standarda EN 301 549 V2.1.2 (2018-08), urejenega v 7. \u010dlenu Zakona o dostopnosti, nimajo (niti niso dol\u017ene imeti) alternativnega besedila.<\/li>\n<li>Dolo\u010den del besedil ni poravnan levo.<\/li>\n<li>Na spleti\u0161\u010du so dokumenti PDF v obliki slike, ki jih ni mogo\u010de prenesti na ra\u010dunalnik niti prebrati s \u010ditalnikom zaslona.<\/li>\n<li>Interaktivni elementi, kot so drsniki na za\u010detni strani ali pregledovalniki dokumentov\/katalogov PDF, ne omogo\u010dajo navigacije in upravljanja z orodji, ki jih uporabljajo osebe s te\u017eavami, prav tako ni na voljo alternative.<\/li>\n<li>V dolo\u010denih dinami\u010dnih odsekih spleti\u0161\u010da (drsniki, prehodi z mi\u0161ko, animacije) so uporabljena besedila v obliki slik.<\/li>\n<li>Nekateri elementi, ki niso vedno vidni, se ne odpirajo in zapirajo s klikom, temve\u010d samo ob prehodu kazalca \u010dez gumb.<\/li>\n<\/ul>\n<p>Unione Italiana \u017ee aktivno dela na odpravi navedenih neskladnosti in jih bo sku\u0161al odpraviti v najkraj\u0161em mo\u017enem \u010dasu.<\/p>\n<p><strong>Priprava te izjave o dostopnosti <\/strong><\/p>\n<p>Kot subjekt javnega sektorja se Unione Italiana zavezuje, da bo spleti\u0161\u010de\u00a0www.extempore.hr\u00a0dostopno v skladu z Zakonom o dostopnosti spleti\u0161\u010d in mobilnih aplikacij subjektov javnega sektorja Republike Hrva\u0161ke (NN 17\/19) z dne 23. septembra 2019, s katerim je v nacionalni pravni red prenesena Direktiva (EU) 2016\/2102 Evropskega parlamenta in Sveta o dostopnosti spleti\u0161\u010d in mobilnih aplikacij subjektov javnega sektorja.<\/p>\n<p>Unione Italiana bo sprejel popravne ukrepe za najve\u010djo mo\u017eno odpravo te\u017eav glede dostopnosti vsebin svojega spleti\u0161\u010da.<\/p>\n<p>Te\u017eave s kontrastom in spreminjanjem velikosti pisave so bile odpravljene z vti\u010dnikom \u00bbWP Accessibility Tools\u00ab \u2013 orodjem za dostopnost, ki se aktivira ob prehodu kazalca v zgornji desni kot spleti\u0161\u010da.<\/p>\n<p>Ta izjava je bila pripravljena 1. julija 2024 v skladu z vzorcem izjave o dostopnosti, skladnim z Direktivo (EU) 2016\/2102 Evropskega parlamenta in Sveta, dolo\u010denim z Izvedbenim sklepom Komisije (EU) 2018\/1523 z dne 11. oktobra 2018.<\/p>\n<p>Za pripravo te izjave je bila uporabljena metoda samoocenjevanja subjekta javnega sektorja ter metode preizku\u0161anja dostopnosti z orodjem WAVE Web Accessibility Evaluation Tool.<\/p>\n<p><strong>Povratne informacije in kontaktni podatki<\/strong><\/p>\n<p>Za povratne informacije ali prijavo morebitnih neskladnosti v skladu z Zakonom o dostopnosti spleti\u0161\u010d in mobilnih aplikacij subjektov javnega sektorja (NN 17\/19) in Direktivo (EU) 2016\/2102 Evropskega parlamenta in Sveta se lahko obrnete na Unione Italiana na naslednji naslov:<\/p>\n<p>Po\u0161ta:<br \/>\nUljarska 1\/IV 51000 Fiume<\/p>\n<p><strong>Postopek spremljanja izvajanja predpisov <\/strong><\/p>\n<p>Nadzor nad izvajanjem Zakona o dostopnosti spleti\u0161\u010d in mobilnih aplikacij subjektov javnega sektorja (NN 17\/19) opravlja Informacijski poobla\u0161\u010denec Republike Hrva\u0161ke.<\/p>\n<p>In\u0161pekcijski nadzor izvajajo in\u0161pektorji in drugi poobla\u0161\u010deni uradniki Urada informacijskega poobla\u0161\u010denca.<\/p>\n<p>Za nadzor veljajo dolo\u010dbe Zakona o pravici dostopa do informacij (NN 25\/13 in 85\/15).<\/p>\n<p>V primeru nezadovoljivega odziva na obvestilo ali zahtevo glede dostopnosti tega spleti\u0161\u010da se uporabniki lahko obrnejo na Informacijskega poobla\u0161\u010denca:<\/p>\n<p>Telefon: +385 (0)51 338 285 (911)<br \/>\nPo\u0161ta: Uljarska 1\/IV 51000 Fiume<br \/>\nE-po\u0161ta: <a class=\"\" href=\"mailto:info@extempore-grisignana.com\">info@extempore-grisignana.com<\/a><\/p>\n<\/div><\/div><\/div><div class=\"fusion-layout-column fusion_builder_column fusion-builder-column-3 fusion_builder_column_1_6 1_6 fusion-flex-column\" style=\"--awb-bg-size:cover;--awb-width-large:16.666666666667%;--awb-margin-top-large:20px;--awb-spacing-right-large:11.52%;--awb-margin-bottom-large:20px;--awb-spacing-left-large:11.52%;--awb-width-medium:100%;--awb-spacing-right-medium:1.92%;--awb-spacing-left-medium:1.92%;--awb-width-small:100%;--awb-spacing-right-small:1.92%;--awb-spacing-left-small:1.92%;\"><div class=\"fusion-column-wrapper fusion-flex-justify-content-flex-start fusion-content-layout-column\"><\/div><\/div><\/div><\/div>\n","protected":false},"excerpt":{"rendered":"","protected":false},"author":1,"featured_media":0,"parent":0,"menu_order":0,"comment_status":"closed","ping_status":"closed","template":"","meta":{"footnotes":""},"class_list":["post-6592","page","type-page","status-publish","hentry"],"_links":{"self":[{"href":"https:\/\/extempore.hr\/sl\/wp-json\/wp\/v2\/pages\/6592","targetHints":{"allow":["GET"]}}],"collection":[{"href":"https:\/\/extempore.hr\/sl\/wp-json\/wp\/v2\/pages"}],"about":[{"href":"https:\/\/extempore.hr\/sl\/wp-json\/wp\/v2\/types\/page"}],"author":[{"embeddable":true,"href":"https:\/\/extempore.hr\/sl\/wp-json\/wp\/v2\/users\/1"}],"replies":[{"embeddable":true,"href":"https:\/\/extempore.hr\/sl\/wp-json\/wp\/v2\/comments?post=6592"}],"version-history":[{"count":3,"href":"https:\/\/extempore.hr\/sl\/wp-json\/wp\/v2\/pages\/6592\/revisions"}],"predecessor-version":[{"id":6595,"href":"https:\/\/extempore.hr\/sl\/wp-json\/wp\/v2\/pages\/6592\/revisions\/6595"}],"wp:attachment":[{"href":"https:\/\/extempore.hr\/sl\/wp-json\/wp\/v2\/media?parent=6592"}],"curies":[{"name":"wp","href":"https:\/\/api.w.org\/{rel}","templated":true}]}}