{"id":5944,"date":"2021-03-13T07:20:16","date_gmt":"2021-03-13T07:20:16","guid":{"rendered":"https:\/\/extempore.hr\/utilizzo-dei-cookie\/"},"modified":"2021-10-28T13:53:18","modified_gmt":"2021-10-28T13:53:18","slug":"izjava-o-uporabi-piskotov","status":"publish","type":"page","link":"https:\/\/extempore.hr\/sl\/izjava-o-uporabi-piskotov\/","title":{"rendered":"Izjava o uporabi pi\u0161kotov"},"content":{"rendered":"<div class=\"fusion-fullwidth fullwidth-box fusion-builder-row-1 fusion-flex-container nonhundred-percent-fullwidth non-hundred-percent-height-scrolling\" style=\"--awb-border-radius-top-left:0px;--awb-border-radius-top-right:0px;--awb-border-radius-bottom-right:0px;--awb-border-radius-bottom-left:0px;--awb-padding-top:0px;--awb-flex-wrap:wrap;\" ><div class=\"fusion-builder-row fusion-row fusion-flex-align-items-flex-start fusion-flex-content-wrap\" style=\"max-width:1216.8px;margin-left: calc(-4% \/ 2 );margin-right: calc(-4% \/ 2 );\"><div class=\"fusion-layout-column fusion_builder_column fusion-builder-column-0 fusion_builder_column_1_1 1_1 fusion-flex-column\" style=\"--awb-bg-size:cover;--awb-width-large:100%;--awb-margin-top-large:0px;--awb-spacing-right-large:1.92%;--awb-margin-bottom-large:0px;--awb-spacing-left-large:1.92%;--awb-width-medium:100%;--awb-order-medium:0;--awb-spacing-right-medium:1.92%;--awb-spacing-left-medium:1.92%;--awb-width-small:100%;--awb-order-small:0;--awb-spacing-right-small:1.92%;--awb-spacing-left-small:1.92%;\"><div class=\"fusion-column-wrapper fusion-column-has-shadow fusion-flex-justify-content-flex-start fusion-content-layout-column\"><div class=\"fusion-separator fusion-no-small-visibility fusion-no-medium-visibility fusion-full-width-sep\" style=\"align-self: center;margin-left: auto;margin-right: auto;margin-top:11%;width:100%;\"><\/div><\/div><\/div><div class=\"fusion-layout-column fusion_builder_column fusion-builder-column-1 fusion_builder_column_1_6 1_6 fusion-flex-column\" style=\"--awb-bg-size:cover;--awb-width-large:16.666666666667%;--awb-margin-top-large:20px;--awb-spacing-right-large:11.52%;--awb-margin-bottom-large:20px;--awb-spacing-left-large:11.52%;--awb-width-medium:100%;--awb-spacing-right-medium:1.92%;--awb-spacing-left-medium:1.92%;--awb-width-small:100%;--awb-spacing-right-small:1.92%;--awb-spacing-left-small:1.92%;\"><div class=\"fusion-column-wrapper fusion-flex-justify-content-flex-start fusion-content-layout-column\"><\/div><\/div><div class=\"fusion-layout-column fusion_builder_column fusion-builder-column-2 fusion_builder_column_2_3 2_3 fusion-flex-column\" style=\"--awb-bg-size:cover;--awb-width-large:66.666666666667%;--awb-margin-top-large:0px;--awb-spacing-right-large:2.88%;--awb-margin-bottom-large:20px;--awb-spacing-left-large:2.88%;--awb-width-medium:100%;--awb-order-medium:0;--awb-spacing-right-medium:1.92%;--awb-spacing-left-medium:1.92%;--awb-width-small:100%;--awb-order-small:0;--awb-spacing-right-small:1.92%;--awb-spacing-left-small:1.92%;\"><div class=\"fusion-column-wrapper fusion-column-has-shadow fusion-flex-justify-content-flex-start fusion-content-layout-column\"><div class=\"fusion-title title fusion-title-1 fusion-sep-none fusion-title-text fusion-title-size-two\" style=\"--awb-margin-top-small:20px;--awb-margin-right-small:0px;--awb-margin-bottom-small:20px;--awb-margin-left-small:0px;--awb-font-size:35px;\"><h2 class=\"fusion-title-heading title-heading-left fusion-responsive-typography-calculated\" style=\"margin:0;font-size:1em;--fontSize:35;line-height:1.3;\"><strong>Uporaba \u201cpi\u0161kotkov\u201d (cookies)<\/strong><\/h2><\/div><div class=\"fusion-text fusion-text-1\" style=\"--awb-font-size:12pt;\"><p style=\"text-align: justify;\">Da bi uporabniku zagotovila storitev s polno funkcionalnostjo in najkakovostnej\u0161o vsebino, spletna stran www.extempore.hr\/sl\/ uporablja t. i. pi\u0161kotke (eng. \u201ccookies\u201d). Pi\u0161kotki so skupek podatkov, ki jih ustvari spletni stre\u017enik in ki jih spletni brskalnik shrani na uporabnikov disk v obliki majhne besedilne datoteke. Nenehno se trudimo svojim uporabnikom zagotavljati najbolj\u0161o mo\u017eno uporabni\u0161ko izku\u0161njo, zato je treba opozoriti, da na\u0161e spletne strani optimalno delujejo le, \u010de so omogo\u010deni pi\u0161kotki. Za uporabo \u201cpi\u0161kotkov\u201d v skladu z Zakonom o elektronskih komunikacijah, Zakonom o varstvu osebnih podatkov in Direktivami EU potrebujemo va\u0161e soglasje. Z uporabo te spletne strani sogla\u0161ate z uporabo pi\u0161kotkov. \u010ce blokirate pi\u0161kotke, lahko \u0161e vedno brskate po spletni strani, vendar vam nekatere njene funkcije ne bodo na voljo.Med brskanjem se sejni pi\u0161kotek ustvari in postavi na ra\u010dunalnik uporabnika spletne straniwww.extempore.hr\/sl\/ samo med obiskom, s \u010dimer uporabniku omogo\u010di u\u010dinkovitej\u0161o uporabo spletne strani www.extempore.hr\/sl\/ in samodejno pote\u010de, ko se zapre njegov brskalnik. Dodatne informacije, na primer va\u0161e ime ali e-po\u0161tni naslov, ne bodo shranjene \u2013 spletne strani ne morejo dostopati do informacij, ki jim jih niste posredovali in do drugih datotek v va\u0161em ra\u010dunalniku.<\/p>\n<p style=\"text-align: justify;\"><strong>Pi\u0161kotki zunanjih spletnih storitev<\/strong><\/p>\n<p style=\"text-align: justify;\">www.extempore.hr\/sl\/ na svojih spletnih straneh uporablja lastne pi\u0161kotke, hkrati pa izbranim tretjim osebam omogo\u010da namestitev pi\u0161kotkov na uporabnikov ra\u010dunalnik. Z uporabo spletne strani uporabnik daje soglasje za uporabo pi\u0161kotkov tudi zunanjim spletnim storitvam. Primer zunanje spletne storitve, ki se uporablja za statisti\u010dno obiskanost za pridobivanje informacij o uspe\u0161nosti strani na trgu, je Google Analytics. Podrobne informacije so na voljo na: <a href=\"https:\/\/www.google.com\/intl\/en\/analytics\/privacyoverview.html\" target=\"_blank\" rel=\"noopener\">Google analytics<\/a>.<\/p>\n<p style=\"text-align: justify;\"><strong>Kako onemogo\u010diti pi\u0161kotke?<\/strong><\/p>\n<p style=\"text-align: justify;\">Z izklopom pi\u0161kotkov se odlo\u010dite, ali \u017eelite dovoliti shranjevanje pi\u0161kotkov v va\u0161em ra\u010dunalniku. Nastavitve pi\u0161kotkov lahko nadzirate in konfigurirate v va\u0161em internetnem brskalniku. Sprejem pi\u0161kotkov lahko onemogo\u010dite tako, da v meniju Orodja\/Mo\u017enosti (Tools\/Options) v brskalniku izberete to mo\u017enost. www.extempore.hr\/sl\/ izklju\u010duje kakr\u0161no koli odgovornost za kakr\u0161no koli izgubo funkcionalnosti in\/ali kakovosti vsebine spletne strani www.extempore.hr\/sl\/ v vseh primerih izbire ureditve prejema pi\u0161kotkov s strani uporabnika. \u0160teje se, da so uporabniki vedno seznanjeni s temi pogoji uporabe in mo\u017enostmi pi\u0161kotkov ter se z njimi strinjajo.<\/p>\n<\/div><?php\nprint_r($_COOKIE);\n?><\/div><\/div><div class=\"fusion-layout-column fusion_builder_column fusion-builder-column-3 fusion_builder_column_1_6 1_6 fusion-flex-column\" style=\"--awb-bg-size:cover;--awb-width-large:16.666666666667%;--awb-margin-top-large:20px;--awb-spacing-right-large:11.52%;--awb-margin-bottom-large:20px;--awb-spacing-left-large:11.52%;--awb-width-medium:100%;--awb-spacing-right-medium:1.92%;--awb-spacing-left-medium:1.92%;--awb-width-small:100%;--awb-spacing-right-small:1.92%;--awb-spacing-left-small:1.92%;\"><div class=\"fusion-column-wrapper fusion-flex-justify-content-flex-start fusion-content-layout-column\"><\/div><\/div><\/div><\/div>\n","protected":false},"excerpt":{"rendered":"","protected":false},"author":1,"featured_media":0,"parent":0,"menu_order":0,"comment_status":"closed","ping_status":"closed","template":"100-width.php","meta":{"footnotes":""},"class_list":["post-5944","page","type-page","status-publish","hentry"],"_links":{"self":[{"href":"https:\/\/extempore.hr\/sl\/wp-json\/wp\/v2\/pages\/5944","targetHints":{"allow":["GET"]}}],"collection":[{"href":"https:\/\/extempore.hr\/sl\/wp-json\/wp\/v2\/pages"}],"about":[{"href":"https:\/\/extempore.hr\/sl\/wp-json\/wp\/v2\/types\/page"}],"author":[{"embeddable":true,"href":"https:\/\/extempore.hr\/sl\/wp-json\/wp\/v2\/users\/1"}],"replies":[{"embeddable":true,"href":"https:\/\/extempore.hr\/sl\/wp-json\/wp\/v2\/comments?post=5944"}],"version-history":[{"count":5,"href":"https:\/\/extempore.hr\/sl\/wp-json\/wp\/v2\/pages\/5944\/revisions"}],"predecessor-version":[{"id":6114,"href":"https:\/\/extempore.hr\/sl\/wp-json\/wp\/v2\/pages\/5944\/revisions\/6114"}],"wp:attachment":[{"href":"https:\/\/extempore.hr\/sl\/wp-json\/wp\/v2\/media?parent=5944"}],"curies":[{"name":"wp","href":"https:\/\/api.w.org\/{rel}","templated":true}]}}