{"id":5819,"date":"2021-09-21T13:10:46","date_gmt":"2021-09-21T13:10:46","guid":{"rendered":"https:\/\/extempore.hr\/storia-generale\/"},"modified":"2021-10-27T13:48:33","modified_gmt":"2021-10-27T13:48:33","slug":"splosna-predstavitev","status":"publish","type":"page","link":"https:\/\/extempore.hr\/sl\/splosna-predstavitev\/","title":{"rendered":"Splo\u0161na predstavitev\u00a0"},"content":{"rendered":"<p><div class=\"fusion-fullwidth fullwidth-box fusion-builder-row-1 fusion-flex-container nonhundred-percent-fullwidth non-hundred-percent-height-scrolling\" style=\"--awb-border-radius-top-left:0px;--awb-border-radius-top-right:0px;--awb-border-radius-bottom-right:0px;--awb-border-radius-bottom-left:0px;--awb-margin-top:10%;--awb-flex-wrap:wrap;\" ><div class=\"fusion-builder-row fusion-row fusion-flex-align-items-flex-start fusion-flex-content-wrap\" style=\"max-width:1216.8px;margin-left: calc(-4% \/ 2 );margin-right: calc(-4% \/ 2 );\"><div class=\"fusion-layout-column fusion_builder_column fusion-builder-column-0 fusion_builder_column_1_2 1_2 fusion-flex-column fusion-animated\" style=\"--awb-padding-right:15px;--awb-padding-left:15px;--awb-bg-size:cover;--awb-width-large:50%;--awb-margin-top-large:4%;--awb-spacing-right-large:3.84%;--awb-margin-bottom-large:20px;--awb-spacing-left-large:3.84%;--awb-width-medium:40%;--awb-order-medium:0;--awb-spacing-right-medium:9.6%;--awb-spacing-left-medium:4.8%;--awb-width-small:100%;--awb-order-small:0;--awb-margin-top-small:0px;--awb-spacing-right-small:1.92%;--awb-spacing-left-small:1.92%;\" data-animationType=\"fadeInLeft\" data-animationDuration=\"1.0\" data-animationOffset=\"top-into-view\"><div class=\"fusion-column-wrapper fusion-column-has-shadow fusion-flex-justify-content-center fusion-content-layout-column\"><div class=\"fusion-title title fusion-title-1 fusion-sep-none fusion-title-text fusion-title-size-one\" style=\"--awb-margin-top-small:20px;--awb-margin-right-small:0px;--awb-margin-bottom-small:20px;--awb-margin-left-small:0px;\"><h1 class=\"fusion-title-heading title-heading-left fusion-responsive-typography-calculated\" style=\"margin:0;--fontSize:57.6;line-height:1.18;\">Splo\u0161na predstavitev<span class=\"Apple-converted-space\">\u00a0<\/span><\/h1><\/div><div class=\"fusion-text fusion-text-1\"><p style=\"text-align: justify;\">Slikarski nate\u010daj Ex Tempore Gro\u017enjan sta leta 1994 zasnovali Italijanska unija na Reki in Ljudska univerza iz Trsta ob 30-letnici njunega sodelovanja. Pri organizaciji dogodka vse od tedaj sodelujeta tudi lokalna Skupnost Italijanov in Ob\u010dina Gro\u017enjan.<span class=\"Apple-converted-space\">\u00a0<\/span><\/p>\n<p style=\"text-align: justify;\">Prireditev poteka vsako leto v zadnjem tednu septembra in privablja slikarje ter ljubitelje umetnosti z vsega sveta. Istrsko srednjeve\u0161ko mestece tako za nekaj dni postane prizori\u0161\u010de enega najpomembnej\u0161ih kulturnih dogodkov italijanske narodne manj\u0161ine v Sloveniji in na Hrva\u0161kem.<span class=\"Apple-converted-space\">\u00a0<\/span><\/p>\n<p style=\"text-align: justify;\">Kot je zapisal uveljavljeni tr\u017ea\u0161ki umetnostni kritik Sergio Molesi, zasledimo med dosedanjimi nagrajenci Ex Tempora Gro\u017enjan zvene\u010da umetni\u0161ka imena, kot so Paolo Cervi Kervischer (Trst), Alfredo De Locatelli (Gorica), Hari Ivan\u010di\u0107 (Buzet), Zdravko Mili\u0107 (Labin), Claudio Ugussi (Buje) in Igor Zenzerovi\u0107 (Pulj). Ti so skozi leta pustili v kraju neizbrisen pe\u010dat. <span class=\"Apple-converted-space\">\u00a0<\/span><\/p>\n<\/div><div style=\"text-align:right;\"><a class=\"fusion-button button-flat fusion-button-default-size button-custom fusion-button-default button-1 fusion-button-default-span fusion-button-default-type\" style=\"--button_accent_color:#ffffff;--button_accent_hover_color:#ffffff;--button_border_hover_color:#b70000;--button_border_width-top:0;--button_border_width-right:0;--button_border_width-bottom:0;--button_border_width-left:0;--button_gradient_top_color:rgba(255,152,6,0);--button_gradient_bottom_color:rgba(255,152,6,0);--button_gradient_top_color_hover:rgba(255,255,255,0);--button_gradient_bottom_color_hover:rgba(255,255,255,0);\" target=\"_self\" href=\"#slijedeci1\"><span class=\"fusion-button-text awb-button__text awb-button__text--default\">Nadaljujte z branjem<\/span><i class=\"fa-angle-down fas awb-button__icon awb-button__icon--default button-icon-right\" aria-hidden=\"true\"><\/i><\/a><\/div><\/div><\/div><div class=\"fusion-layout-column fusion_builder_column fusion-builder-column-1 fusion_builder_column_1_2 1_2 fusion-flex-column\" style=\"--awb-overflow:hidden;--awb-bg-size:cover;--awb-border-radius:50% 50% 50% 50%;--awb-filter:saturate(100%) brightness(100%) contrast(100%) opacity(100%);--awb-filter-transition:filter 0.3s ease;--awb-filter-hover:saturate(0%) brightness(110%) contrast(110%) opacity(90%);--awb-width-large:50%;--awb-margin-top-large:20px;--awb-spacing-right-large:11.52%;--awb-margin-bottom-large:20px;--awb-spacing-left-large:3.84%;--awb-width-medium:100%;--awb-order-medium:0;--awb-spacing-right-medium:1.92%;--awb-spacing-left-medium:1.92%;--awb-width-small:100%;--awb-order-small:0;--awb-spacing-right-small:1.92%;--awb-spacing-left-small:1.92%;\"><div class=\"fusion-column-wrapper fusion-column-has-shadow fusion-flex-justify-content-flex-start fusion-content-layout-column\"><div class=\"fusion-separator fusion-no-small-visibility fusion-full-width-sep\" style=\"align-self: center;margin-left: auto;margin-right: auto;margin-top:150px;width:100%;\"><\/div><div class=\"fusion-image-element \" style=\"--awb-caption-title-font-family:var(--h2_typography-font-family);--awb-caption-title-font-weight:var(--h2_typography-font-weight);--awb-caption-title-font-style:var(--h2_typography-font-style);--awb-caption-title-size:var(--h2_typography-font-size);--awb-caption-title-transform:var(--h2_typography-text-transform);--awb-caption-title-line-height:var(--h2_typography-line-height);--awb-caption-title-letter-spacing:var(--h2_typography-letter-spacing);\"><span class=\" fusion-imageframe imageframe-none imageframe-1 hover-type-zoomin fusion-animated\" style=\"border-radius:50%;\" data-animationType=\"fadeInLeft\" data-animationDuration=\"1.0\" data-animationOffset=\"top-into-view\"><img decoding=\"async\" width=\"1500\" height=\"1500\" title=\"Extempore\" src=\"https:\/\/extempore.hr\/wp-content\/uploads\/2021\/09\/07-gris-min.jpg\" alt class=\"img-responsive wp-image-5820\" srcset=\"https:\/\/extempore.hr\/wp-content\/uploads\/2021\/09\/07-gris-min-200x200.jpg 200w, https:\/\/extempore.hr\/wp-content\/uploads\/2021\/09\/07-gris-min-400x400.jpg 400w, https:\/\/extempore.hr\/wp-content\/uploads\/2021\/09\/07-gris-min-600x600.jpg 600w, https:\/\/extempore.hr\/wp-content\/uploads\/2021\/09\/07-gris-min-800x800.jpg 800w, https:\/\/extempore.hr\/wp-content\/uploads\/2021\/09\/07-gris-min-1200x1200.jpg 1200w, https:\/\/extempore.hr\/wp-content\/uploads\/2021\/09\/07-gris-min.jpg 1500w\" sizes=\"(max-width: 1024px) 100vw, (max-width: 640px) 100vw, 600px\" \/><\/span><\/div><\/div><\/div><\/div><\/div><div id=\"slijedeci1\" class=\"fusion-container-anchor\"><div class=\"fusion-fullwidth fullwidth-box fusion-builder-row-2 fusion-flex-container nonhundred-percent-fullwidth non-hundred-percent-height-scrolling\" style=\"--awb-border-radius-top-left:0px;--awb-border-radius-top-right:0px;--awb-border-radius-bottom-right:0px;--awb-border-radius-bottom-left:0px;--awb-flex-wrap:wrap;\" ><div class=\"fusion-builder-row fusion-row fusion-flex-align-items-flex-start fusion-flex-content-wrap\" style=\"max-width:1216.8px;margin-left: calc(-4% \/ 2 );margin-right: calc(-4% \/ 2 );\"><div class=\"fusion-layout-column fusion_builder_column fusion-builder-column-2 fusion_builder_column_1_1 1_1 fusion-flex-column\" style=\"--awb-padding-right:15px;--awb-padding-left:15px;--awb-bg-size:cover;--awb-width-large:100%;--awb-margin-top-large:20px;--awb-spacing-right-large:1.92%;--awb-margin-bottom-large:20px;--awb-spacing-left-large:1.92%;--awb-width-medium:100%;--awb-order-medium:0;--awb-spacing-right-medium:1.92%;--awb-spacing-left-medium:1.92%;--awb-width-small:100%;--awb-order-small:0;--awb-spacing-right-small:1.92%;--awb-spacing-left-small:1.92%;\"><div class=\"fusion-column-wrapper fusion-column-has-shadow fusion-flex-justify-content-flex-start fusion-content-layout-column\"><div class=\"fusion-text fusion-text-2\"><p style=\"text-align: justify;\">Ex Tempore je dogodek, ki vsako leto ponuja tudi bogat spremljevalni program. Poleg razstav umetni\u0161kih del, se tu vrstijo \u0161tevilne predstave in koncerti, ki se jih udele\u017ei veliko \u0161tevilo obiskovalcev. Ob umetnikih preplavi umetni\u0161ke galerije in ulice, na katerih so razstavljena slikarska platna in ostala umetni\u0161ka dela, \u0161e pisana mno\u017eica ljubiteljev umetnosti razli\u010dnih narodnosti od blizu in dale\u010d. <span class=\"Apple-converted-space\">\u00a0<\/span><\/p>\n<p style=\"text-align: justify;\">Mednarodna \u017eirija vsako leto razglasi tri najbolj\u0161a dela in obenem podeli nagrade \u201cCitt\u00e0 di Grisignana\u201d. Za spodbujanje in podpiranje ustvarjalnosti mladih umetnikov (od 18. do 30. leta starosti) ter v spomin na umetnico iz vrst italijanske narodne skupnosti (INS), ki je s svojim delom pomembno prispevala h krepitvi kulturne identitete INS, se od leta 2018 podeljuje tudi nagrada \u201cDaria Vlahov Horvat\u201d. Omenjena nagrada, ki je bila vklju\u010dena v Pravilnik 25. izvedbe nate\u010daja, izbranemu mlademu umetniku zagotavlja mo\u017enost samostojne razstave v gro\u017enjanski Galeriji \u201cFonticus\u201d.<\/p>\n<\/div><div style=\"text-align:right;\"><a class=\"fusion-button button-flat fusion-button-default-size button-custom fusion-button-default button-2 fusion-button-default-span fusion-button-default-type fusion-no-medium-visibility fusion-no-large-visibility\" style=\"--button_accent_color:#ffffff;--button_accent_hover_color:#ffffff;--button_border_hover_color:#b70000;--button_border_width-top:0;--button_border_width-right:0;--button_border_width-bottom:0;--button_border_width-left:0;--button_gradient_top_color:rgba(255,152,6,0);--button_gradient_bottom_color:rgba(255,152,6,0);--button_gradient_top_color_hover:rgba(255,255,255,0);--button_gradient_bottom_color_hover:rgba(255,255,255,0);\" target=\"_self\" href=\"#slijedeci3\"><span class=\"fusion-button-text awb-button__text awb-button__text--default\">Nadaljujte z branjem<\/span><i class=\"fa-angle-down fas awb-button__icon awb-button__icon--default button-icon-right\" aria-hidden=\"true\"><\/i><\/a><\/div><\/div><\/div><\/div><\/div><\/div><div id=\"slijedeci3\" class=\"fusion-container-anchor\"><div class=\"fusion-fullwidth fullwidth-box fusion-builder-row-3 fusion-flex-container nonhundred-percent-fullwidth non-hundred-percent-height-scrolling\" style=\"--awb-border-radius-top-left:0px;--awb-border-radius-top-right:0px;--awb-border-radius-bottom-right:0px;--awb-border-radius-bottom-left:0px;--awb-padding-bottom:30px;--awb-flex-wrap:wrap;\" ><div class=\"fusion-builder-row fusion-row fusion-flex-align-items-flex-start fusion-flex-content-wrap\" style=\"max-width:1216.8px;margin-left: calc(-4% \/ 2 );margin-right: calc(-4% \/ 2 );\"><div class=\"fusion-layout-column fusion_builder_column fusion-builder-column-3 fusion_builder_column_1_2 1_2 fusion-flex-column\" style=\"--awb-padding-left:24px;--awb-overflow:hidden;--awb-bg-size:cover;--awb-border-radius:50% 50% 50% 50%;--awb-filter:saturate(100%) brightness(100%) contrast(100%) opacity(100%);--awb-filter-transition:filter 0.3s ease;--awb-filter-hover:saturate(0%) brightness(110%) contrast(110%) opacity(90%);--awb-width-large:50%;--awb-margin-top-large:20px;--awb-spacing-right-large:3.84%;--awb-margin-bottom-large:20px;--awb-spacing-left-large:11.52%;--awb-width-medium:100%;--awb-order-medium:0;--awb-spacing-right-medium:1.92%;--awb-spacing-left-medium:1.92%;--awb-width-small:100%;--awb-order-small:0;--awb-spacing-right-small:1.92%;--awb-spacing-left-small:1.92%;\"><div class=\"fusion-column-wrapper fusion-column-has-shadow fusion-flex-justify-content-flex-start fusion-content-layout-column\"><div class=\"fusion-image-element \" style=\"--awb-caption-title-font-family:var(--h2_typography-font-family);--awb-caption-title-font-weight:var(--h2_typography-font-weight);--awb-caption-title-font-style:var(--h2_typography-font-style);--awb-caption-title-size:var(--h2_typography-font-size);--awb-caption-title-transform:var(--h2_typography-text-transform);--awb-caption-title-line-height:var(--h2_typography-line-height);--awb-caption-title-letter-spacing:var(--h2_typography-letter-spacing);\"><span class=\" fusion-imageframe imageframe-none imageframe-2 hover-type-zoomin fusion-animated\" style=\"border-radius:50%;\" data-animationType=\"fadeInLeft\" data-animationDuration=\"1.0\" data-animationOffset=\"top-into-view\"><img decoding=\"async\" width=\"1500\" height=\"1500\" title=\"Extempore\" src=\"https:\/\/extempore.hr\/wp-content\/uploads\/2021\/09\/06-gri-min.jpg\" alt class=\"img-responsive wp-image-5909\" srcset=\"https:\/\/extempore.hr\/wp-content\/uploads\/2021\/09\/06-gri-min-200x200.jpg 200w, https:\/\/extempore.hr\/wp-content\/uploads\/2021\/09\/06-gri-min-400x400.jpg 400w, https:\/\/extempore.hr\/wp-content\/uploads\/2021\/09\/06-gri-min-600x600.jpg 600w, https:\/\/extempore.hr\/wp-content\/uploads\/2021\/09\/06-gri-min-800x800.jpg 800w, https:\/\/extempore.hr\/wp-content\/uploads\/2021\/09\/06-gri-min-1200x1200.jpg 1200w, https:\/\/extempore.hr\/wp-content\/uploads\/2021\/09\/06-gri-min.jpg 1500w\" sizes=\"(max-width: 1024px) 100vw, (max-width: 640px) 100vw, 600px\" \/><\/span><\/div><\/div><\/div><div class=\"fusion-layout-column fusion_builder_column fusion-builder-column-4 fusion_builder_column_1_2 1_2 fusion-flex-column\" style=\"--awb-padding-right:15px;--awb-padding-left:15px;--awb-bg-size:cover;--awb-width-large:50%;--awb-margin-top-large:20px;--awb-spacing-right-large:3.84%;--awb-margin-bottom-large:20px;--awb-spacing-left-large:3.84%;--awb-width-medium:100%;--awb-order-medium:0;--awb-spacing-right-medium:1.92%;--awb-spacing-left-medium:1.92%;--awb-width-small:100%;--awb-order-small:0;--awb-spacing-right-small:1.92%;--awb-spacing-left-small:1.92%;\"><div class=\"fusion-column-wrapper fusion-column-has-shadow fusion-flex-justify-content-flex-start fusion-content-layout-column\"><div class=\"fusion-text fusion-text-3\"><p style=\"text-align: justify;\">Leta 2018 je bila uvedena \u0161e ena novost, in sicer nagrada, ki jo umetniki na Ex Temporu Gro\u017enjan podelijo enemu izmed sodelujo\u010dih kolegov. <span class=\"Apple-converted-space\">\u00a0<\/span><\/p>\n<p style=\"text-align: justify;\">Ex Tempore Gro\u017enjan je pomemben tudi z vidika medkulturnosti, saj spodbuja izmenjavo znanj in vzpostavlja most med mladimi in \u017ee uveljavljenimi umetniki. Slikarji se v Gro\u017enjanu dru\u017eijo in ob tem izmenjujejo dobre prakse, ki bodo pomembno sooblikovale njihovo nadaljnjo umetni\u0161ko in \u017eivljenjsko izku\u0161njo.<span class=\"Apple-converted-space\">\u00a0<\/span><\/p>\n<p style=\"text-align: justify;\">Ve\u010dkulturnost gro\u017enjanskega Ex Tempora, ki vsako leto vabi slikarje in ljubitelje umetnosti razli\u010dnih narodnosti, udejanja prav to, kar je Giuseppe Rota, zgodovinska osebnost italijanske narodne skupnosti, opredelil kot \u201c kulturo sobivanja in vzajemnega spo\u0161tovanja kot bistva civiliziranega \u017eivljenja\u201d.<\/p>\n<\/div><\/div><\/div><\/div><\/div><\/div><\/p>\n","protected":false},"excerpt":{"rendered":"","protected":false},"author":1,"featured_media":0,"parent":0,"menu_order":0,"comment_status":"closed","ping_status":"closed","template":"100-width.php","meta":{"footnotes":""},"class_list":["post-5819","page","type-page","status-publish","hentry"],"_links":{"self":[{"href":"https:\/\/extempore.hr\/sl\/wp-json\/wp\/v2\/pages\/5819","targetHints":{"allow":["GET"]}}],"collection":[{"href":"https:\/\/extempore.hr\/sl\/wp-json\/wp\/v2\/pages"}],"about":[{"href":"https:\/\/extempore.hr\/sl\/wp-json\/wp\/v2\/types\/page"}],"author":[{"embeddable":true,"href":"https:\/\/extempore.hr\/sl\/wp-json\/wp\/v2\/users\/1"}],"replies":[{"embeddable":true,"href":"https:\/\/extempore.hr\/sl\/wp-json\/wp\/v2\/comments?post=5819"}],"version-history":[{"count":7,"href":"https:\/\/extempore.hr\/sl\/wp-json\/wp\/v2\/pages\/5819\/revisions"}],"predecessor-version":[{"id":6078,"href":"https:\/\/extempore.hr\/sl\/wp-json\/wp\/v2\/pages\/5819\/revisions\/6078"}],"wp:attachment":[{"href":"https:\/\/extempore.hr\/sl\/wp-json\/wp\/v2\/media?parent=5819"}],"curies":[{"name":"wp","href":"https:\/\/api.w.org\/{rel}","templated":true}]}}