{"id":5814,"date":"2021-09-21T08:15:32","date_gmt":"2021-09-21T08:15:32","guid":{"rendered":"https:\/\/extempore.hr\/come-participare\/"},"modified":"2021-10-29T06:38:14","modified_gmt":"2021-10-29T06:38:14","slug":"kako-sodelovati","status":"publish","type":"page","link":"https:\/\/extempore.hr\/sl\/kako-sodelovati\/","title":{"rendered":"Kako sodelovati"},"content":{"rendered":"<p><div class=\"fusion-fullwidth fullwidth-box fusion-builder-row-1 fusion-flex-container nonhundred-percent-fullwidth non-hundred-percent-height-scrolling\" style=\"--awb-border-radius-top-left:0px;--awb-border-radius-top-right:0px;--awb-border-radius-bottom-right:0px;--awb-border-radius-bottom-left:0px;--awb-margin-top:0px;--awb-flex-wrap:wrap;\" ><div class=\"fusion-builder-row fusion-row fusion-flex-align-items-flex-start fusion-flex-content-wrap\" style=\"max-width:1216.8px;margin-left: calc(-4% \/ 2 );margin-right: calc(-4% \/ 2 );\"><div class=\"fusion-layout-column fusion_builder_column fusion-builder-column-0 fusion_builder_column_1_1 1_1 fusion-flex-column\" style=\"--awb-bg-size:cover;--awb-width-large:100%;--awb-margin-top-large:20px;--awb-spacing-right-large:1.92%;--awb-margin-bottom-large:20px;--awb-spacing-left-large:1.92%;--awb-width-medium:100%;--awb-order-medium:0;--awb-spacing-right-medium:1.92%;--awb-spacing-left-medium:1.92%;--awb-width-small:100%;--awb-order-small:0;--awb-spacing-right-small:1.92%;--awb-spacing-left-small:1.92%;\"><div class=\"fusion-column-wrapper fusion-column-has-shadow fusion-flex-justify-content-flex-start fusion-content-layout-column\"><div class=\"fusion-separator fusion-no-small-visibility fusion-no-medium-visibility fusion-full-width-sep\" style=\"align-self: center;margin-left: auto;margin-right: auto;margin-top:150px;width:100%;\"><\/div><\/div><\/div><div class=\"fusion-layout-column fusion_builder_column fusion-builder-column-1 fusion_builder_column_1_2 1_2 fusion-flex-column fusion-animated\" style=\"--awb-padding-right:15px;--awb-padding-left:15px;--awb-bg-size:cover;--awb-width-large:50%;--awb-margin-top-large:20px;--awb-spacing-right-large:3.84%;--awb-margin-bottom-large:20px;--awb-spacing-left-large:7.68%;--awb-width-medium:40%;--awb-order-medium:0;--awb-spacing-right-medium:9.6%;--awb-spacing-left-medium:4.8%;--awb-width-small:100%;--awb-order-small:0;--awb-margin-top-small:0px;--awb-spacing-right-small:1.92%;--awb-spacing-left-small:1.92%;\" data-animationType=\"fadeInLeft\" data-animationDuration=\"1.0\" data-animationOffset=\"top-into-view\"><div class=\"fusion-column-wrapper fusion-column-has-shadow fusion-flex-justify-content-center fusion-content-layout-column\"><div class=\"fusion-title title fusion-title-1 fusion-sep-none fusion-title-text fusion-title-size-one\" style=\"--awb-margin-top-small:20px;--awb-margin-right-small:0px;--awb-margin-bottom-small:20px;--awb-margin-left-small:0px;\"><h1 class=\"fusion-title-heading title-heading-left fusion-responsive-typography-calculated\" style=\"margin:0;--fontSize:57.6;line-height:1.18;\"><b>Kako sodelovati?<\/b><\/h1><\/div><div class=\"fusion-text fusion-text-1\" style=\"--awb-font-size:12pt;\"><p style=\"text-align: justify;\">Sodelujo\u010di se lahko prijavijo in \u017eigosajo podlage:<\/p>\n<p><i class=\"far fa-check-circle\"><\/i> Lo\u017ea v Gro\u017enjanu v \u010detrtek, 23. septembra 2021, od 12.00 do 19.00 ure, v petek in soboto, 24. in 25. septembra 2021, od 8.00 do 19. ure..<\/p>\n<p><i class=\"far fa-check-circle\"><\/i> Ljudska univerza v Trstu \u2013 Predavalnica \u201cSbis\u00e0\u201d (Ulica Torrebianca 22)<\/p>\n<p><i class=\"far fa-check-circle\"><\/i> Italijanska unija Reka (Uljarska 1\/IV)<\/p>\n<p><i class=\"far fa-check-circle\"><\/i> Italijanska unija Koper (Kidri\u010deva ulica 35)<\/p>\n<p><i class=\"far fa-check-circle\"><\/i> Skupnost Italijanov Pulj (Ulica Carrara 1)<\/p>\n<p style=\"text-align: justify;\"><i class=\"fas fa-arrow-right\"><\/i> v \u010detrtek in petek, <b>23.<\/b> in <b> 24. septembra 2021<\/b> , od 9.00 do 13.00 ure.<\/p>\n<p style=\"text-align: justify;\"><i class=\"fas fa-arrow-right\"><\/i> Vsak udele\u017eenec lahko o\u017eigosa dve podlagi.<\/p>\n<\/div><div style=\"text-align:right;\"><a class=\"fusion-button button-flat fusion-button-default-size button-custom fusion-button-default button-1 fusion-button-default-span fusion-button-default-type\" style=\"--button_accent_color:#ffffff;--button_accent_hover_color:#ffffff;--button_border_hover_color:#b70000;--button_border_width-top:0;--button_border_width-right:0;--button_border_width-bottom:0;--button_border_width-left:0;--button_gradient_top_color:rgba(255,152,6,0);--button_gradient_bottom_color:rgba(255,152,6,0);--button_gradient_top_color_hover:rgba(255,255,255,0);--button_gradient_bottom_color_hover:rgba(255,255,255,0);\" target=\"_self\" href=\"#slijedeci1\"><span class=\"fusion-button-text awb-button__text awb-button__text--default\">Nadaljujte z branjem<\/span><i class=\"fa-angle-down fas awb-button__icon awb-button__icon--default button-icon-right\" aria-hidden=\"true\"><\/i><\/a><\/div><\/div><\/div><div class=\"fusion-layout-column fusion_builder_column fusion-builder-column-2 fusion_builder_column_1_2 1_2 fusion-flex-column\" style=\"--awb-overflow:hidden;--awb-bg-size:cover;--awb-border-radius:50% 50% 50% 50%;--awb-filter:saturate(100%) brightness(100%) contrast(100%) opacity(100%);--awb-filter-transition:filter 0.3s ease;--awb-filter-hover:saturate(0%) brightness(110%) contrast(110%) opacity(90%);--awb-width-large:50%;--awb-margin-top-large:20px;--awb-spacing-right-large:3.84%;--awb-margin-bottom-large:20px;--awb-spacing-left-large:11.52%;--awb-width-medium:100%;--awb-order-medium:0;--awb-spacing-right-medium:1.92%;--awb-spacing-left-medium:1.92%;--awb-width-small:100%;--awb-order-small:0;--awb-spacing-right-small:1.92%;--awb-spacing-left-small:1.92%;\"><div class=\"fusion-column-wrapper fusion-column-has-shadow fusion-flex-justify-content-flex-start fusion-content-layout-column\"><div class=\"fusion-separator fusion-no-small-visibility fusion-no-medium-visibility fusion-full-width-sep\" style=\"align-self: center;margin-left: auto;margin-right: auto;margin-top:60px;width:100%;\"><\/div><div class=\"fusion-image-element \" style=\"--awb-caption-title-font-family:var(--h2_typography-font-family);--awb-caption-title-font-weight:var(--h2_typography-font-weight);--awb-caption-title-font-style:var(--h2_typography-font-style);--awb-caption-title-size:var(--h2_typography-font-size);--awb-caption-title-transform:var(--h2_typography-text-transform);--awb-caption-title-line-height:var(--h2_typography-line-height);--awb-caption-title-letter-spacing:var(--h2_typography-letter-spacing);\"><span class=\" fusion-imageframe imageframe-none imageframe-1 hover-type-zoomin fusion-animated\" style=\"border-radius:50%;\" data-animationType=\"fadeInLeft\" data-animationDuration=\"1.0\" data-animationOffset=\"top-into-view\"><img decoding=\"async\" width=\"1500\" height=\"1500\" title=\"Extempore\" src=\"https:\/\/extempore.hr\/wp-content\/uploads\/2021\/09\/export-grisana-min.jpg\" alt class=\"img-responsive wp-image-5815\" srcset=\"https:\/\/extempore.hr\/wp-content\/uploads\/2021\/09\/export-grisana-min-200x200.jpg 200w, https:\/\/extempore.hr\/wp-content\/uploads\/2021\/09\/export-grisana-min-400x400.jpg 400w, https:\/\/extempore.hr\/wp-content\/uploads\/2021\/09\/export-grisana-min-600x600.jpg 600w, https:\/\/extempore.hr\/wp-content\/uploads\/2021\/09\/export-grisana-min-800x800.jpg 800w, https:\/\/extempore.hr\/wp-content\/uploads\/2021\/09\/export-grisana-min-1200x1200.jpg 1200w, https:\/\/extempore.hr\/wp-content\/uploads\/2021\/09\/export-grisana-min.jpg 1500w\" sizes=\"(max-width: 1024px) 100vw, (max-width: 640px) 100vw, 600px\" \/><\/span><\/div><\/div><\/div><\/div><\/div><div id=\"slijedeci1\" class=\"fusion-container-anchor\"><div class=\"fusion-fullwidth fullwidth-box fusion-builder-row-2 fusion-flex-container nonhundred-percent-fullwidth non-hundred-percent-height-scrolling\" style=\"--awb-border-radius-top-left:0px;--awb-border-radius-top-right:0px;--awb-border-radius-bottom-right:0px;--awb-border-radius-bottom-left:0px;--awb-flex-wrap:wrap;\" ><div class=\"fusion-builder-row fusion-row fusion-flex-align-items-flex-start fusion-flex-content-wrap\" style=\"max-width:1216.8px;margin-left: calc(-4% \/ 2 );margin-right: calc(-4% \/ 2 );\"><div class=\"fusion-layout-column fusion_builder_column fusion-builder-column-3 fusion_builder_column_1_1 1_1 fusion-flex-column\" style=\"--awb-padding-left:24px;--awb-bg-size:cover;--awb-width-large:100%;--awb-margin-top-large:20px;--awb-spacing-right-large:1.92%;--awb-margin-bottom-large:20px;--awb-spacing-left-large:1.92%;--awb-width-medium:100%;--awb-order-medium:0;--awb-spacing-right-medium:1.92%;--awb-spacing-left-medium:1.92%;--awb-width-small:100%;--awb-order-small:0;--awb-spacing-right-small:1.92%;--awb-spacing-left-small:1.92%;\"><div class=\"fusion-column-wrapper fusion-column-has-shadow fusion-flex-justify-content-flex-start fusion-content-layout-column\"><div class=\"fusion-text fusion-text-2\"><p style=\"text-align: justify;\"><span style=\"font-size: 12pt;\">Temi sta GRO\u017dNJAN &#8211; ISTRSKA KRAJINA<\/span><\/p>\n<p style=\"text-align: justify;\"><span style=\"font-size: 12pt;\"> Umetniki lahko prosto izbirajo tehniko in materiale pod pogojem, da dela izpolnjujejo pogoje stabilnosti, trajnosti ter zagotavljajo preprosto vzdr\u017eevanje in premikanje. Format umetni\u0161kega dela ne sme presegati dimenzije 100 x 120 cm. Sodelujo\u010di umetniki sami postavijo svoja dela na ogled v nedeljo, 26. septembra 2021, do 11.00 ure. Dela razstavijo na Velikem trgu oziroma na ulici, ki vodi od Velikega trga do Lo\u017ee in do bli\u017enjih ulic. Slike so razstavljene do 17.00 ure. Vsak udele\u017eenec je dol\u017ean na hrbtno stran svojega dela pritrditi karton\u010dek, ki ga prejme ob prijavi. Karton\u010dek mora vsebovati naslednje podatke: ime in priimek avtorja, njegov naslov, naslov dela, slikarsko tehniko in vrednost dela izra\u017eeno v kunah ali evrih. Mednarodna \u017eirija podeljuje nagrade ne glede na vrednost dela, ki ga avtor ozna\u010di na hrbtni strani. Odlo\u010ditev \u017eirije je dokon\u010dna in ne dopu\u0161\u010da prito\u017eb. Sodelovanje na nate\u010daju Ex Tempore je mo\u017eno le ob popolnem sogla\u0161anju s tem pravilnikom. Prvi dve nagrajeni deli bosta ostali v lasti Italijanske unije Reka, tretje uvr\u0161\u010deno delo pa v lasti Skupnosti Italijanov Gro\u017enjan.<\/span><\/p>\n<\/div><div style=\"text-align:right;\"><a class=\"fusion-button button-flat fusion-button-default-size button-custom fusion-button-default button-2 fusion-button-default-span fusion-button-default-type fusion-no-medium-visibility fusion-no-large-visibility\" style=\"--button_accent_color:#ffffff;--button_accent_hover_color:#ffffff;--button_border_hover_color:#b70000;--button_border_width-top:0;--button_border_width-right:0;--button_border_width-bottom:0;--button_border_width-left:0;--button_gradient_top_color:rgba(255,152,6,0);--button_gradient_bottom_color:rgba(255,152,6,0);--button_gradient_top_color_hover:rgba(255,255,255,0);--button_gradient_bottom_color_hover:rgba(255,255,255,0);\" target=\"_self\" href=\"#slijedeci3\"><span class=\"fusion-button-text awb-button__text awb-button__text--default\">Nadaljujte z branjem<\/span><i class=\"fa-angle-down fas awb-button__icon awb-button__icon--default button-icon-right\" aria-hidden=\"true\"><\/i><\/a><\/div><\/div><\/div><\/div><\/div><\/div><div id=\"slijedeci3\" class=\"fusion-container-anchor\"><div class=\"fusion-fullwidth fullwidth-box fusion-builder-row-3 fusion-flex-container nonhundred-percent-fullwidth non-hundred-percent-height-scrolling\" style=\"--awb-border-radius-top-left:0px;--awb-border-radius-top-right:0px;--awb-border-radius-bottom-right:0px;--awb-border-radius-bottom-left:0px;--awb-flex-wrap:wrap;\" ><div class=\"fusion-builder-row fusion-row fusion-flex-align-items-flex-start fusion-flex-content-wrap\" style=\"max-width:1216.8px;margin-left: calc(-4% \/ 2 );margin-right: calc(-4% \/ 2 );\"><div class=\"fusion-layout-column fusion_builder_column fusion-builder-column-4 fusion_builder_column_1_2 1_2 fusion-flex-column\" style=\"--awb-overflow:hidden;--awb-bg-size:cover;--awb-border-radius:50% 50% 50% 50%;--awb-filter:saturate(100%) brightness(100%) contrast(100%) opacity(100%);--awb-filter-transition:filter 0.3s ease;--awb-filter-hover:saturate(0%) brightness(110%) contrast(110%) opacity(90%);--awb-width-large:50%;--awb-margin-top-large:20px;--awb-spacing-right-large:3.84%;--awb-margin-bottom-large:20px;--awb-spacing-left-large:11.52%;--awb-width-medium:100%;--awb-order-medium:0;--awb-spacing-right-medium:1.92%;--awb-spacing-left-medium:1.92%;--awb-width-small:100%;--awb-order-small:0;--awb-spacing-right-small:1.92%;--awb-spacing-left-small:1.92%;\"><div class=\"fusion-column-wrapper fusion-column-has-shadow fusion-flex-justify-content-flex-start fusion-content-layout-column\"><div class=\"fusion-image-element \" style=\"--awb-caption-title-font-family:var(--h2_typography-font-family);--awb-caption-title-font-weight:var(--h2_typography-font-weight);--awb-caption-title-font-style:var(--h2_typography-font-style);--awb-caption-title-size:var(--h2_typography-font-size);--awb-caption-title-transform:var(--h2_typography-text-transform);--awb-caption-title-line-height:var(--h2_typography-line-height);--awb-caption-title-letter-spacing:var(--h2_typography-letter-spacing);\"><span class=\" fusion-imageframe imageframe-none imageframe-2 hover-type-zoomin fusion-animated\" style=\"border-radius:50%;\" data-animationType=\"fadeInLeft\" data-animationDuration=\"1.0\" data-animationOffset=\"top-into-view\"><img decoding=\"async\" width=\"1500\" height=\"1500\" title=\"Extempore\" src=\"https:\/\/extempore.hr\/wp-content\/uploads\/2021\/09\/griznjan-08-min.jpg\" alt class=\"img-responsive wp-image-5910\" srcset=\"https:\/\/extempore.hr\/wp-content\/uploads\/2021\/09\/griznjan-08-min-200x200.jpg 200w, https:\/\/extempore.hr\/wp-content\/uploads\/2021\/09\/griznjan-08-min-400x400.jpg 400w, https:\/\/extempore.hr\/wp-content\/uploads\/2021\/09\/griznjan-08-min-600x600.jpg 600w, https:\/\/extempore.hr\/wp-content\/uploads\/2021\/09\/griznjan-08-min-800x800.jpg 800w, https:\/\/extempore.hr\/wp-content\/uploads\/2021\/09\/griznjan-08-min-1200x1200.jpg 1200w, https:\/\/extempore.hr\/wp-content\/uploads\/2021\/09\/griznjan-08-min.jpg 1500w\" sizes=\"(max-width: 1024px) 100vw, (max-width: 640px) 100vw, 600px\" \/><\/span><\/div><\/div><\/div><div class=\"fusion-layout-column fusion_builder_column fusion-builder-column-5 fusion_builder_column_1_2 1_2 fusion-flex-column\" style=\"--awb-padding-left:30px;--awb-bg-size:cover;--awb-width-large:50%;--awb-margin-top-large:20px;--awb-spacing-right-large:3.84%;--awb-margin-bottom-large:20px;--awb-spacing-left-large:3.84%;--awb-width-medium:100%;--awb-order-medium:0;--awb-spacing-right-medium:1.92%;--awb-spacing-left-medium:1.92%;--awb-width-small:100%;--awb-order-small:0;--awb-spacing-right-small:1.92%;--awb-spacing-left-small:1.92%;\"><div class=\"fusion-column-wrapper fusion-column-has-shadow fusion-flex-justify-content-flex-start fusion-content-layout-column\"><div class=\"fusion-text fusion-text-3\"><p style=\"text-align: justify;\">Prva nagrada: \u00a0<strong> 2.500,00<\/strong>\u00a0\u20ac<\/p>\n<p style=\"text-align: justify;\">Druga nagrada: <strong>\u00a01.500,00<\/strong> \u20ac<\/p>\n<p style=\"text-align: justify;\">Tretja nagrada \u00a0\u00a0<strong>1.000,00<\/strong> \u20ac<\/p>\n<p style=\"text-align: justify;\">Nagrada Mesta Gro\u017enjan: <strong>\u00a05.000<\/strong> kn<\/p>\n<p>Nagrada \u201cDaria Vlahov Horvat\u201d samostojna razstava v Galeriji \u201cFonticus\u201d v Gro\u017enjanu<\/p>\n<p>Vse nagrade so izra\u017eene v neto zneskih.<\/p>\n<p style=\"text-align: justify;\">Sve\u010dana podelitev nagrad bo v nedeljo,<strong> 26. septembra 2021<\/strong>, ob 16.00 uri, na terasi Belvedere. Dela, ki ne bodo nagrajena, lahko avtorji prevzamejo ob zaklju\u010dku sve\u010dane podelitve; v nasprotnem primeru se \u0161teje, da avtorji svoja dela poklanjajo Ob\u010dini Gro\u017enjan. Organizatorji ne prevzemajo odgovornosti za morebitno \u0161kodo, ki bi nastala na umetni\u0161kih delih iz neznanega razloga.<\/p>\n<p style=\"text-align: justify;\">Glede na potek pandemije Covid-19 bo izvedba prireditve morda podvr\u017eena spremembam v skladu z ukrepi, predvidenimi s strani lokalnih zdravstvenih organov.\u00a0Zato vas prijazno vabimo, da nas do datuma dogodka spremljate na na\u0161ih spletnih straneh in dru\u017eabnih omre\u017ejih.<\/p>\n<\/div><div style=\"text-align:right;\"><a class=\"fusion-button button-flat fusion-button-default-size button-custom fusion-button-default button-3 fusion-button-default-span fusion-button-default-type\" style=\"--button_accent_color:#ffffff;--button_accent_hover_color:#ffffff;--button_border_hover_color:#b70000;--button_border_width-top:0;--button_border_width-right:0;--button_border_width-bottom:0;--button_border_width-left:0;--button_gradient_top_color:rgba(255,152,6,0);--button_gradient_bottom_color:rgba(255,152,6,0);--button_gradient_top_color_hover:rgba(255,255,255,0);--button_gradient_bottom_color_hover:rgba(255,255,255,0);\" target=\"_self\" href=\"#slijedeci2\"><span class=\"fusion-button-text awb-button__text awb-button__text--default\">Registracija<\/span><i class=\"fa-angle-down fas awb-button__icon awb-button__icon--default button-icon-right\" aria-hidden=\"true\"><\/i><\/a><\/div><\/div><\/div><\/div><\/div><\/div><div id=\"slijedeci2\" class=\"fusion-container-anchor\"><div class=\"fusion-fullwidth fullwidth-box fusion-builder-row-4 fusion-flex-container nonhundred-percent-fullwidth non-hundred-percent-height-scrolling\" style=\"--awb-border-radius-top-left:0px;--awb-border-radius-top-right:0px;--awb-border-radius-bottom-right:0px;--awb-border-radius-bottom-left:0px;--awb-flex-wrap:wrap;\" ><div class=\"fusion-builder-row fusion-row fusion-flex-align-items-flex-start fusion-flex-content-wrap\" style=\"max-width:1216.8px;margin-left: calc(-4% \/ 2 );margin-right: calc(-4% \/ 2 );\"><div class=\"fusion-layout-column fusion_builder_column fusion-builder-column-6 fusion_builder_column_1_5 1_5 fusion-flex-column\" style=\"--awb-bg-size:cover;--awb-width-large:20%;--awb-margin-top-large:20px;--awb-spacing-right-large:9.6%;--awb-margin-bottom-large:20px;--awb-spacing-left-large:9.6%;--awb-width-medium:100%;--awb-order-medium:0;--awb-spacing-right-medium:1.92%;--awb-spacing-left-medium:1.92%;--awb-width-small:100%;--awb-order-small:0;--awb-spacing-right-small:1.92%;--awb-spacing-left-small:1.92%;\"><div class=\"fusion-column-wrapper fusion-column-has-shadow fusion-flex-justify-content-flex-start fusion-content-layout-column\"><\/div><\/div><div class=\"fusion-layout-column fusion_builder_column fusion-builder-column-7 fusion_builder_column_3_5 3_5 fusion-flex-column\" style=\"--awb-bg-size:cover;--awb-width-large:60%;--awb-margin-top-large:20px;--awb-spacing-right-large:3.2%;--awb-margin-bottom-large:20px;--awb-spacing-left-large:3.2%;--awb-width-medium:100%;--awb-order-medium:0;--awb-spacing-right-medium:1.92%;--awb-spacing-left-medium:1.92%;--awb-width-small:100%;--awb-order-small:0;--awb-spacing-right-small:1.92%;--awb-spacing-left-small:1.92%;\"><div class=\"fusion-column-wrapper fusion-column-has-shadow fusion-flex-justify-content-flex-start fusion-content-layout-column\"><div class=\"fusion-text fusion-text-4\"><p><!-- Begin Mailchimp Signup Form --><\/p>\n<p style=\"text-align: justify;\">\n<style type=\"text\/css\">\n               #mc_embed_signup<br \/>               \/* Add your own Mailchimp form style overrides in your site stylesheet or in this style block.<br \/>                  We recommend moving this block and the preceding CSS link to the HEAD of your HTML file. *\/<br \/><\/style>\n<\/p>\n<div id=\"mc_embed_signup\">\n<form id=\"mc-embedded-subscribe-form\" class=\"validate\" action=\"https:\/\/extempore-grisignana.us5.list-manage.com\/subscribe\/post?u=5eca8d8fd8e9795e507c545b3&id=9ace531734\" method=\"post\" name=\"mc-embedded-subscribe-form\" novalidate=\"\" target=\"_blank\">\n<div id=\"mc_embed_signup_scroll\">\n<h2>Vpi\u0161i se<\/h2>\n<div class=\"indicates-required\"><span class=\"asterisk\">*<\/span> ozna\u010duje potrebno<\/div>\n<div class=\"mc-field-group\"><label for=\"mce-EMAIL\"> E-mail <span class=\"asterisk\">*<\/span><br \/>\n<\/label><br \/>\n<input id=\"mce-EMAIL\" class=\"required email\" name=\"EMAIL\" type=\"email\" value=\"\" \/><\/div>\n<div class=\"mc-field-group\"><label for=\"mce-FNAME\"> Ime <\/label><br \/>\n<input id=\"mce-FNAME\" class=\"\" name=\"FNAME\" type=\"text\" value=\"\" \/><\/div>\n<div class=\"mc-field-group\"><label for=\"mce-LNAME\"> Priimek <\/label><br \/>\n<input id=\"mce-LNAME\" class=\"\" name=\"LNAME\" type=\"text\" value=\"\" \/><\/div>\n<div class=\"mc-field-group size1of2\"><\/div>\n<\/div>\n<div id=\"mce-responses\" class=\"clear\">\n<div id=\"mce-success-response\" class=\"response\" style=\"display: none;\"><\/div>\n<div id=\"mce-error-response\" class=\"response\" style=\"display: none;\"><\/div>\n<\/div>\n<p><!-- real people should not fill this in and expect good things - do not remove this or risk form bot signups--><\/p>\n<div style=\"position: absolute; left: -5000px;\" aria-hidden=\"true\"><input tabindex=\"-1\" name=\"b_5eca8d8fd8e9795e507c545b3_9ace531734\" type=\"text\" value=\"\" \/><\/div>\n<div class=\"clear\"><input id=\"mc-embedded-subscribe\" class=\"button\" name=\"subscribe\" type=\"submit\" value=\"Vpi\u0161i se\" \/><\/div>\n<\/form>\n<\/div>\n<p><script type='text\/javascript' src='\/\/s3.amazonaws.com\/downloads.mailchimp.com\/js\/mc-validate.js'><\/script><script type='text\/javascript'>(function($) (jQuery));var $mcj = jQuery.noConflict(true);<\/script><br \/>\n<!--End mc_embed_signup--><\/p>\n<\/div><\/div><\/div><div class=\"fusion-layout-column fusion_builder_column fusion-builder-column-8 fusion_builder_column_1_5 1_5 fusion-flex-column\" style=\"--awb-bg-size:cover;--awb-width-large:20%;--awb-margin-top-large:20px;--awb-spacing-right-large:9.6%;--awb-margin-bottom-large:20px;--awb-spacing-left-large:9.6%;--awb-width-medium:100%;--awb-order-medium:0;--awb-spacing-right-medium:1.92%;--awb-spacing-left-medium:1.92%;--awb-width-small:100%;--awb-order-small:0;--awb-spacing-right-small:1.92%;--awb-spacing-left-small:1.92%;\"><div class=\"fusion-column-wrapper fusion-column-has-shadow fusion-flex-justify-content-flex-start fusion-content-layout-column\"><\/div><\/div><\/div><\/div><\/div><\/p>\n","protected":false},"excerpt":{"rendered":"","protected":false},"author":1,"featured_media":0,"parent":0,"menu_order":0,"comment_status":"closed","ping_status":"closed","template":"100-width.php","meta":{"footnotes":""},"class_list":["post-5814","page","type-page","status-publish","hentry"],"_links":{"self":[{"href":"https:\/\/extempore.hr\/sl\/wp-json\/wp\/v2\/pages\/5814","targetHints":{"allow":["GET"]}}],"collection":[{"href":"https:\/\/extempore.hr\/sl\/wp-json\/wp\/v2\/pages"}],"about":[{"href":"https:\/\/extempore.hr\/sl\/wp-json\/wp\/v2\/types\/page"}],"author":[{"embeddable":true,"href":"https:\/\/extempore.hr\/sl\/wp-json\/wp\/v2\/users\/1"}],"replies":[{"embeddable":true,"href":"https:\/\/extempore.hr\/sl\/wp-json\/wp\/v2\/comments?post=5814"}],"version-history":[{"count":16,"href":"https:\/\/extempore.hr\/sl\/wp-json\/wp\/v2\/pages\/5814\/revisions"}],"predecessor-version":[{"id":6123,"href":"https:\/\/extempore.hr\/sl\/wp-json\/wp\/v2\/pages\/5814\/revisions\/6123"}],"wp:attachment":[{"href":"https:\/\/extempore.hr\/sl\/wp-json\/wp\/v2\/media?parent=5814"}],"curies":[{"name":"wp","href":"https:\/\/api.w.org\/{rel}","templated":true}]}}