{"id":5807,"date":"2021-09-21T13:23:19","date_gmt":"2021-09-21T13:23:19","guid":{"rendered":"https:\/\/extempore.hr\/che-cose\/"},"modified":"2021-10-27T13:46:45","modified_gmt":"2021-10-27T13:46:45","slug":"kaj-je-ex-tempore-groznjan","status":"publish","type":"page","link":"https:\/\/extempore.hr\/sl\/kaj-je-ex-tempore-groznjan\/","title":{"rendered":"Kaj je Ex Tempore Gro\u017enjan?\u00a0"},"content":{"rendered":"<div class=\"fusion-fullwidth fullwidth-box fusion-builder-row-1 fusion-flex-container nonhundred-percent-fullwidth non-hundred-percent-height-scrolling\" style=\"--awb-border-radius-top-left:0px;--awb-border-radius-top-right:0px;--awb-border-radius-bottom-right:0px;--awb-border-radius-bottom-left:0px;--awb-margin-top:10%;--awb-flex-wrap:wrap;\" ><div class=\"fusion-builder-row fusion-row fusion-flex-align-items-flex-start fusion-flex-content-wrap\" style=\"max-width:1216.8px;margin-left: calc(-4% \/ 2 );margin-right: calc(-4% \/ 2 );\"><div class=\"fusion-layout-column fusion_builder_column fusion-builder-column-0 fusion_builder_column_1_1 1_1 fusion-flex-column fusion-animated\" style=\"--awb-padding-right:15px;--awb-padding-left:15px;--awb-bg-size:cover;--awb-width-large:100%;--awb-margin-top-large:20px;--awb-spacing-right-large:1.92%;--awb-margin-bottom-large:20px;--awb-spacing-left-large:3.84%;--awb-width-medium:40%;--awb-order-medium:0;--awb-spacing-right-medium:9.6%;--awb-spacing-left-medium:4.8%;--awb-width-small:100%;--awb-order-small:0;--awb-margin-top-small:0px;--awb-spacing-right-small:1.92%;--awb-spacing-left-small:1.92%;\" data-animationType=\"fadeInLeft\" data-animationDuration=\"1.0\" data-animationOffset=\"top-into-view\"><div class=\"fusion-column-wrapper fusion-column-has-shadow fusion-flex-justify-content-center fusion-content-layout-column\"><div class=\"fusion-title title fusion-title-1 fusion-sep-none fusion-title-text fusion-title-size-one\" style=\"--awb-margin-top-small:20px;--awb-margin-right-small:0px;--awb-margin-bottom-small:20px;--awb-margin-left-small:0px;\"><h1 class=\"fusion-title-heading title-heading-left fusion-responsive-typography-calculated\" style=\"margin:0;--fontSize:57.6;line-height:1.18;\">Kaj je Ex Tempore Gro\u017enjan?<span class=\"Apple-converted-space\">\u00a0<\/span><\/h1><\/div><div class=\"fusion-text fusion-text-1\" style=\"--awb-font-size:12pt;\"><p style=\"text-align: justify;\">Ex Tempore Gro\u017enjan je umetni\u0161ko-kulturni dogodek, ki ga \u017ee tradicionalno organizira Italijanska unija v sodelovanju z Ljudsko univerzo iz Trsta, Ob\u010dino Gro\u017enjan in Skupnostjo Italijanov Gro\u017enjan. Velja za eno najpomembnej\u0161ih kulturnih prireditev italijanske narodne skupnosti v Sloveniji in na Hrva\u0161kem, ki leto za letom privablja \u0161tevilne umetnike iz Hrva\u0161ke, Slovenije in Italije kot tudi iz ostalih evropskih dr\u017eav in z drugih kontinentov. Prireditev poteka vsako leto v zadnjem tednu septembra. Tedaj se v \u0161tirih dneh zvrsti bogat spremljevalni program: kulturno-umetni\u0161ki nastopi Skupnosti Italijanov Gro\u017enjan, \u0161portni dogodki, razstave, koncerti, predavanja, degustacije in razglasitev najbolj\u0161ih istrskih vin, belih tartufov in gob.<\/p>\n<\/div><div class=\"fusion-separator fusion-full-width-sep\" style=\"align-self: center;margin-left: auto;margin-right: auto;margin-top:30px;width:100%;\"><\/div><div class=\"awb-gallery-wrapper awb-gallery-wrapper-1 button-span-no\"><div style=\"margin:-12px;--awb-bordersize:0px;--awb-border-radius:50%;--awb-columns-medium:100%;--awb-columns-small:100%;\" class=\"fusion-gallery fusion-gallery-container fusion-grid-3 fusion-columns-total-3 fusion-gallery-layout-grid fusion-gallery-1 has-circle-radius\"><div style=\"padding:12.5px;\" class=\"fusion-grid-column fusion-gallery-column fusion-gallery-column-3 hover-type-zoomin\"><div class=\"fusion-gallery-image\"><a href=\"https:\/\/extempore.hr\/wp-content\/uploads\/2021\/09\/groznjan-09-min.jpg\" rel=\"noreferrer\" data-rel=\"iLightbox[gallery_image_1]\" class=\"fusion-lightbox\" target=\"_self\"><img decoding=\"async\" src=\"https:\/\/extempore.hr\/wp-content\/uploads\/2021\/09\/groznjan-09-min.jpg\" width=\"1500\" height=\"1500\" alt=\"\" title=\"Extempore\" aria-label=\"Extempore\" class=\"img-responsive wp-image-4766\" srcset=\"https:\/\/extempore.hr\/wp-content\/uploads\/2021\/09\/groznjan-09-min-200x200.jpg 200w, https:\/\/extempore.hr\/wp-content\/uploads\/2021\/09\/groznjan-09-min-400x400.jpg 400w, https:\/\/extempore.hr\/wp-content\/uploads\/2021\/09\/groznjan-09-min-600x600.jpg 600w, https:\/\/extempore.hr\/wp-content\/uploads\/2021\/09\/groznjan-09-min-800x800.jpg 800w, https:\/\/extempore.hr\/wp-content\/uploads\/2021\/09\/groznjan-09-min-1200x1200.jpg 1200w, https:\/\/extempore.hr\/wp-content\/uploads\/2021\/09\/groznjan-09-min.jpg 1500w\" sizes=\"(min-width: 2200px) 100vw, (min-width: 784px) 382px, (min-width: 712px) 573px, (min-width: 640px) 712px, \" \/><\/a><\/div><\/div><div style=\"padding:12.5px;\" class=\"fusion-grid-column fusion-gallery-column fusion-gallery-column-3 hover-type-zoomin\"><div class=\"fusion-gallery-image\"><a href=\"https:\/\/extempore.hr\/wp-content\/uploads\/2021\/09\/griznjan-10-min.jpg\" rel=\"noreferrer\" data-rel=\"iLightbox[gallery_image_1]\" class=\"fusion-lightbox\" target=\"_self\"><img decoding=\"async\" src=\"https:\/\/extempore.hr\/wp-content\/uploads\/2021\/09\/griznjan-10-min.jpg\" width=\"1500\" height=\"1500\" alt=\"\" title=\"Extempore\" aria-label=\"Extempore\" class=\"img-responsive wp-image-4768\" srcset=\"https:\/\/extempore.hr\/wp-content\/uploads\/2021\/09\/griznjan-10-min-200x200.jpg 200w, https:\/\/extempore.hr\/wp-content\/uploads\/2021\/09\/griznjan-10-min-400x400.jpg 400w, https:\/\/extempore.hr\/wp-content\/uploads\/2021\/09\/griznjan-10-min-600x600.jpg 600w, https:\/\/extempore.hr\/wp-content\/uploads\/2021\/09\/griznjan-10-min-800x800.jpg 800w, https:\/\/extempore.hr\/wp-content\/uploads\/2021\/09\/griznjan-10-min-1200x1200.jpg 1200w, https:\/\/extempore.hr\/wp-content\/uploads\/2021\/09\/griznjan-10-min.jpg 1500w\" sizes=\"(min-width: 2200px) 100vw, (min-width: 784px) 382px, (min-width: 712px) 573px, (min-width: 640px) 712px, \" \/><\/a><\/div><\/div><div style=\"padding:12.5px;\" class=\"fusion-grid-column fusion-gallery-column fusion-gallery-column-3 hover-type-zoomin\"><div class=\"fusion-gallery-image\"><a href=\"https:\/\/extempore.hr\/wp-content\/uploads\/2021\/09\/groznjan-12-min.jpg\" rel=\"noreferrer\" data-rel=\"iLightbox[gallery_image_1]\" class=\"fusion-lightbox\" target=\"_self\"><img decoding=\"async\" src=\"https:\/\/extempore.hr\/wp-content\/uploads\/2021\/09\/groznjan-12-min.jpg\" width=\"1500\" height=\"1500\" alt=\"\" title=\"Extempore Grisignana\" aria-label=\"Extempore Grisignana\" class=\"img-responsive wp-image-4772\" srcset=\"https:\/\/extempore.hr\/wp-content\/uploads\/2021\/09\/groznjan-12-min-200x200.jpg 200w, https:\/\/extempore.hr\/wp-content\/uploads\/2021\/09\/groznjan-12-min-400x400.jpg 400w, https:\/\/extempore.hr\/wp-content\/uploads\/2021\/09\/groznjan-12-min-600x600.jpg 600w, https:\/\/extempore.hr\/wp-content\/uploads\/2021\/09\/groznjan-12-min-800x800.jpg 800w, https:\/\/extempore.hr\/wp-content\/uploads\/2021\/09\/groznjan-12-min-1200x1200.jpg 1200w, https:\/\/extempore.hr\/wp-content\/uploads\/2021\/09\/groznjan-12-min.jpg 1500w\" sizes=\"(min-width: 2200px) 100vw, (min-width: 784px) 382px, (min-width: 712px) 573px, (min-width: 640px) 712px, \" \/><\/a><\/div><\/div><div class=\"clearfix\"><\/div><\/div><\/div><\/div><\/div><\/div><\/div>\n","protected":false},"excerpt":{"rendered":"","protected":false},"author":1,"featured_media":0,"parent":0,"menu_order":0,"comment_status":"closed","ping_status":"closed","template":"100-width.php","meta":{"footnotes":""},"class_list":["post-5807","page","type-page","status-publish","hentry"],"_links":{"self":[{"href":"https:\/\/extempore.hr\/sl\/wp-json\/wp\/v2\/pages\/5807","targetHints":{"allow":["GET"]}}],"collection":[{"href":"https:\/\/extempore.hr\/sl\/wp-json\/wp\/v2\/pages"}],"about":[{"href":"https:\/\/extempore.hr\/sl\/wp-json\/wp\/v2\/types\/page"}],"author":[{"embeddable":true,"href":"https:\/\/extempore.hr\/sl\/wp-json\/wp\/v2\/users\/1"}],"replies":[{"embeddable":true,"href":"https:\/\/extempore.hr\/sl\/wp-json\/wp\/v2\/comments?post=5807"}],"version-history":[{"count":4,"href":"https:\/\/extempore.hr\/sl\/wp-json\/wp\/v2\/pages\/5807\/revisions"}],"predecessor-version":[{"id":6074,"href":"https:\/\/extempore.hr\/sl\/wp-json\/wp\/v2\/pages\/5807\/revisions\/6074"}],"wp:attachment":[{"href":"https:\/\/extempore.hr\/sl\/wp-json\/wp\/v2\/media?parent=5807"}],"curies":[{"name":"wp","href":"https:\/\/api.w.org\/{rel}","templated":true}]}}