{"id":6579,"date":"2025-03-24T08:34:15","date_gmt":"2025-03-24T08:34:15","guid":{"rendered":"https:\/\/extempore.hr\/dichiarazione-di-accessibilita\/"},"modified":"2025-03-24T09:04:41","modified_gmt":"2025-03-24T09:04:41","slug":"dichiarazione-di-accessibilita","status":"publish","type":"page","link":"https:\/\/extempore.hr\/hr\/dichiarazione-di-accessibilita\/","title":{"rendered":"Izjava o pristupa\u010dnosti"},"content":{"rendered":"<div class=\"fusion-fullwidth fullwidth-box fusion-builder-row-1 fusion-flex-container nonhundred-percent-fullwidth non-hundred-percent-height-scrolling\" style=\"--awb-border-radius-top-left:0px;--awb-border-radius-top-right:0px;--awb-border-radius-bottom-right:0px;--awb-border-radius-bottom-left:0px;--awb-flex-wrap:wrap;\" ><div class=\"fusion-builder-row fusion-row fusion-flex-align-items-flex-start fusion-flex-content-wrap\" style=\"max-width:1216.8px;margin-left: calc(-4% \/ 2 );margin-right: calc(-4% \/ 2 );\"><div class=\"fusion-layout-column fusion_builder_column fusion-builder-column-0 fusion_builder_column_1_1 1_1 fusion-flex-column\" style=\"--awb-bg-size:cover;--awb-width-large:100%;--awb-margin-top-large:0px;--awb-spacing-right-large:1.92%;--awb-margin-bottom-large:0px;--awb-spacing-left-large:1.92%;--awb-width-medium:100%;--awb-order-medium:0;--awb-spacing-right-medium:1.92%;--awb-spacing-left-medium:1.92%;--awb-width-small:100%;--awb-order-small:0;--awb-spacing-right-small:1.92%;--awb-spacing-left-small:1.92%;\"><div class=\"fusion-column-wrapper fusion-column-has-shadow fusion-flex-justify-content-flex-start fusion-content-layout-column\"><div class=\"fusion-separator fusion-no-small-visibility fusion-no-medium-visibility fusion-full-width-sep\" style=\"align-self: center;margin-left: auto;margin-right: auto;margin-top:13%;width:100%;\"><\/div><\/div><\/div><div class=\"fusion-layout-column fusion_builder_column fusion-builder-column-1 fusion_builder_column_1_6 1_6 fusion-flex-column\" style=\"--awb-bg-size:cover;--awb-width-large:16.666666666667%;--awb-margin-top-large:20px;--awb-spacing-right-large:11.52%;--awb-margin-bottom-large:20px;--awb-spacing-left-large:11.52%;--awb-width-medium:100%;--awb-spacing-right-medium:1.92%;--awb-spacing-left-medium:1.92%;--awb-width-small:100%;--awb-spacing-right-small:1.92%;--awb-spacing-left-small:1.92%;\"><div class=\"fusion-column-wrapper fusion-flex-justify-content-flex-start fusion-content-layout-column\"><\/div><\/div><div class=\"fusion-layout-column fusion_builder_column fusion-builder-column-2 fusion_builder_column_2_3 2_3 fusion-flex-column\" style=\"--awb-bg-size:cover;--awb-width-large:66.666666666667%;--awb-margin-top-large:0px;--awb-spacing-right-large:2.88%;--awb-margin-bottom-large:20px;--awb-spacing-left-large:2.88%;--awb-width-medium:100%;--awb-order-medium:0;--awb-spacing-right-medium:1.92%;--awb-spacing-left-medium:1.92%;--awb-width-small:100%;--awb-order-small:0;--awb-spacing-right-small:1.92%;--awb-spacing-left-small:1.92%;\"><div class=\"fusion-column-wrapper fusion-column-has-shadow fusion-flex-justify-content-flex-start fusion-content-layout-column\"><div class=\"fusion-title title fusion-title-1 fusion-sep-none fusion-title-text fusion-title-size-two\" style=\"--awb-margin-top-small:20px;--awb-margin-right-small:0px;--awb-margin-bottom-small:20px;--awb-margin-left-small:0px;--awb-font-size:35px;\"><h2 class=\"fusion-title-heading title-heading-left fusion-responsive-typography-calculated\" style=\"margin:0;font-size:1em;--fontSize:35;line-height:1.3;\">Izjava o pristupa\u010dnosti<\/h2><\/div><div class=\"fusion-text fusion-text-1\" style=\"--awb-content-alignment:justify;--awb-font-size:12pt;\"><p>Na temelju \u010dlanka 9. Zakona o pristupa\u010dnosti mre\u017enih stranica i programskih rje\u0161enja za pokretne ure\u0111aje tijela javnog sektora (\u201cNarodne novine\u201d, broj 17\/19) te sukladno smjernicama za osiguravanje pristupa\u010dnosti mre\u017enih sadr\u017eaja koje je razvila Inicijativa za pristupa\u010dnost mre\u017ei (eng. Web Accessibility Initiative \u2013 WAI),<\/p>\n<p>Unione Italiana<br \/>\nUljarska 1\/IV, 51000 Fiume<\/p>\n<p>donosi slijede\u0107u<\/p>\n<p>IZJAVU O PRISTUPA\u010cNOSTI<\/p>\n<p>Unione Italiana nastoji svoju internetsku stranicu u\u010diniti pristupa\u010dnom u skladu sa Zakonom o pristupa\u010dnosti mre\u017enih stranica i programskih rje\u0161enja za pokretne ure\u0111aje tijela javnog sektora (Narodne novine, br. 17\/2019) kojim se prenosi Direktiva (EU) 2016\/2102 Europskog parlamenta i Vije\u0107a.<\/p>\n<p>Ujedno nastoji u\u010diniti svoju internetsku stranicu sukladnom smjernicama za osiguravanje pristupa\u010dnosti mre\u017enih sadr\u017eaja koje je razvila Inicijativa za pristupa\u010dnost mre\u017ei (eng. Web Accessibility Initiative \u2013 WAI).<\/p>\n<p>Ova Izjava primjenjuje se na internetsku stranicu: www.extempore.hr.<\/p>\n<p><b>Stupanj uskla\u0111enosti<\/b><\/p>\n<p>Ova internetska stranica je djelomi\u010dno u skladu sa Zakonom o pristupa\u010dnosti mre\u017enih stranica i programskih rje\u0161enja za pokretne ure\u0111aje tijela javnog sektora (NN 17\/19) i Direktivom (EU) 2016\/2102 Europskog parlamenta i Vije\u0107a te smjernicama za osiguravanje pristupa\u010dnosti mre\u017enih sadr\u017eaja koje je razvila Inicijativa za pristupa\u010dnost mre\u017ei (eng. Web Accessibility Initiative \u2013 WAI).<\/p>\n<p><b>Nepristupa\u010dan sadr\u017eaj<\/b><\/p>\n<p>Sukladno \u010dlanku 8. Zakona o pristupa\u010dnosti mre\u017enih stranica i programskih rje\u0161enja za pokretne ure\u0111aje tijela javnog sektora (NN 17\/19) i \u010dlanku 5. Direktive (EU) 2016\/2012 Europskog parlamenta i Vije\u0107a, kao i mjernicama za osiguravanje pristupa\u010dnosti mre\u017enih sadr\u017eaja koje je razvila Inicijativa za pristupa\u010dnost mre\u017ei (eng. Web Accessibility Initiative \u2013 WAI),<\/p>\n<p>Obrt Unione Italiana proveo je incijalnu procjenu uskla\u0111enosti svoje internetske stranice sa zahtjevima pristupa\u010dnosti.<\/p>\n<p><b>Uo\u010deni nedostaci su slijede\u0107i:<\/b><\/p>\n<ul>\n<li>Mre\u017ena stranica nije manjim dijelom prilago\u0111ena HTML5 standardima. S obzirom na tehni\u010dko ograni\u010denje stranice, nije mogu\u0107e potpuno uskla\u0111enje, ali ono ne sprije\u010dava korisnike neovisno o njihovim mogu\u0107nostima u pristupu i kori\u0161tenju mre\u017ene stranice.<\/li>\n<li>Dio fotografija i\/ili netekstualnog sadr\u017eaja internetskih stranica dekorativnog je karaktera ili se koristi samo za vizualno oblikovanje, pa sukladno to\u010dki 5.1.3.6. europske norme EN 301 549 V2.1.2 (2018-08), odre\u0111ene \u010dlankom 7. stavkom 1. Zakona o pristupa\u010dnosti, nemaju (i ne moraju imati) svoj alternativni opis.<\/li>\n<li>Dio tekstova nije poravnat u lijevo.<\/li>\n<li>Na stranici postoje PDF dokumenti u slikovnom formatu koje se ne mo\u017ee preuzeti na ra\u010dunalo i \u010ditati putem \u010dita\u010da ekrana.<\/li>\n<li>Ugra\u0111eni interaktivni elementi kao \u0161to su slider na naslovnici, \u010dita\u010d PDF dokumenata\/kataloga nema mogu\u0107nost upravljanja i kretanja putem ure\u0111aja koje koriste osobe s pote\u0161ko\u0107ama, a nije ponu\u0111ena alternativa.<\/li>\n<li>Tekst u obliku slikovnih datoteka se koristi na dinami\u010dkim dijelovima stranice (slider, prijelazi mi\u0161em i animacije).<\/li>\n<li>Neki elementi koji nisu stalno prikazani ne otvaraju se i zatvaraju dodirom (klikom) mi\u0161a (ve\u0107 prelaskom pokaziva\u010da preko gumba).<\/li>\n<\/ul>\n<p>Unione Italiana radi na uklanjanju uo\u010denih neuskla\u0111enosti te \u0107e ih nastojati otkloniti u najskorije vrijeme.<\/p>\n<p><b>Priprema ove izjave o pristupa\u010dnosti<\/b><\/p>\n<p>Kao tijelo javnog sektora, Unione Italiana nastoji svoje mre\u017ene stranice www.extempore.hr u\u010diniti pristupa\u010dnima u skladu sa Zakonom o pristupa\u010dnosti mre\u017enih stranica i programskih rje\u0161enja za pokretne ure\u0111aje tijela javnog sektora Republike Hrvatske (NN 17\/19), od 23. rujna 2019., kojim se u nacionalno zakonodavstvo preuzima Direktiva (EU) 2016\/2102 Europskog parlamenta i Vije\u0107a o pristupa\u010dnosti internetskih stranica i mobilnih aplikacija tijela javnog sektora.<\/p>\n<p>Unione Italiana \u0107e provesti korektivne mjere za rje\u0161avanje problema nepristupa\u010dnog sadr\u017eaja svog mre\u017enog sjedi\u0161ta u maksimalnoj mogu\u0107oj mjeri.<\/p>\n<p>Gre\u0161ke kontrasta i promjena veli\u010dine fonta rije\u0161ene su instalacijom WP Accessibility Tools plugin-a \u2013 alata za za pristupa\u010dnost koji se aktivira prelaskom pokaziva\u010da, u gornjem desnom uglu mre\u017enog mjesta.<\/p>\n<p>Ova Izjava pripremljena je dana 01. srpnja 2024., sukladno Predlo\u0161ku izjave o pristupa\u010dnosti koji je u skladu s Direktivom (EU) 2016\/2102 Europskog parlamenta i Vije\u0107a o pristupa\u010dnosti internetskih stranica i mobilnih aplikacija tijela javnog sektora, a utvr\u0111en je Provedbenom odlukom komisije EU 2018\/1523 11. listopada 2018.<\/p>\n<p>Za pripremu ove Izjave kori\u0161tena je metoda samoprocjene koju je provelo tijelo javnog sektora te metode testiranja pristupa\u010dnosti WAVE Web Accessibility Evaluation Tool i WAVE Web Accessibility Evaluation Tool.<\/p>\n<p><b>Povratne informacije i podaci za kontakt<\/b><\/p>\n<p>Podno\u0161enjem zahtjeva mo\u017eete dobiti povratne informacije i\/ili prijaviti uo\u010dene nepravilnosti u smislu Zakona o pristupa\u010dnosti mre\u017enih stranica i programskih rje\u0161enja za pokretne ure\u0111aje tijela javnog sektora (NN 17\/19) i Direktive (EU) 2016\/2012 Europskog parlamenta i Vije\u0107a. Zahtjev mo\u017eete podnijeti pismenim obrtu Unione Italiana na slijede\u0107e kontakte:<\/p>\n<p>adresa: Uljarska 1\/IV, 51000 Fiume<\/p>\n<p><b>Postupak pra\u0107enja provedbe propisa<\/b><\/p>\n<p>Nadzor nad provedbom Zakona o pristupa\u010dnosti mre\u017enih stranica i programskih rje\u0161enja za pokretne ure\u0111aje tijela javnog sektora (NN 17\/19) obavlja Povjerenik za informiranje Republike Hrvatske.<\/p>\n<p>Inspekcijski nadzor nad provedbom Zakona o pristupa\u010dnosti mre\u017enih stranica i programskih rje\u0161enja za pokretne ure\u0111aje tijela javnog sektora (NN 17\/19) obavljaju inspektori i drugi ovla\u0161teni slu\u017ebenici Ureda povjerenika.<\/p>\n<p>Na nadzor se primjenjuju odredbe Zakona o pravu na pristup informacijama (NN 25\/13 i 85\/15).<\/p>\n<p>U slu\u010daju nezadovoljavaju\u0107ih odgovora na obavijest ili zahtjev za povratne informacije o pristupa\u010dnosti ove mre\u017ene stranica, korisnici se mogu obratiti Povjereniku za informiranje:<\/p>\n<p>\u2022 telefonom na broj: +385 (0)51 338 285 (911)<\/p>\n<p>\u2022 po\u0161tom na adresu: Uljarska 1\/IV, 51000 Fiume<\/p>\n<p>\u2022 elektroni\u010dkom po\u0161tom: <a href=\"mailto:info@extempore-grisignana.com\">info@extempore-grisignana.com<\/a><\/p>\n<\/div><\/div><\/div><div class=\"fusion-layout-column fusion_builder_column fusion-builder-column-3 fusion_builder_column_1_6 1_6 fusion-flex-column\" style=\"--awb-bg-size:cover;--awb-width-large:16.666666666667%;--awb-margin-top-large:20px;--awb-spacing-right-large:11.52%;--awb-margin-bottom-large:20px;--awb-spacing-left-large:11.52%;--awb-width-medium:100%;--awb-spacing-right-medium:1.92%;--awb-spacing-left-medium:1.92%;--awb-width-small:100%;--awb-spacing-right-small:1.92%;--awb-spacing-left-small:1.92%;\"><div class=\"fusion-column-wrapper fusion-flex-justify-content-flex-start fusion-content-layout-column\"><\/div><\/div><\/div><\/div>\n","protected":false},"excerpt":{"rendered":"","protected":false},"author":1,"featured_media":0,"parent":0,"menu_order":0,"comment_status":"closed","ping_status":"closed","template":"","meta":{"footnotes":""},"class_list":["post-6579","page","type-page","status-publish","hentry"],"_links":{"self":[{"href":"https:\/\/extempore.hr\/hr\/wp-json\/wp\/v2\/pages\/6579","targetHints":{"allow":["GET"]}}],"collection":[{"href":"https:\/\/extempore.hr\/hr\/wp-json\/wp\/v2\/pages"}],"about":[{"href":"https:\/\/extempore.hr\/hr\/wp-json\/wp\/v2\/types\/page"}],"author":[{"embeddable":true,"href":"https:\/\/extempore.hr\/hr\/wp-json\/wp\/v2\/users\/1"}],"replies":[{"embeddable":true,"href":"https:\/\/extempore.hr\/hr\/wp-json\/wp\/v2\/comments?post=6579"}],"version-history":[{"count":4,"href":"https:\/\/extempore.hr\/hr\/wp-json\/wp\/v2\/pages\/6579\/revisions"}],"predecessor-version":[{"id":6596,"href":"https:\/\/extempore.hr\/hr\/wp-json\/wp\/v2\/pages\/6579\/revisions\/6596"}],"wp:attachment":[{"href":"https:\/\/extempore.hr\/hr\/wp-json\/wp\/v2\/media?parent=6579"}],"curies":[{"name":"wp","href":"https:\/\/api.w.org\/{rel}","templated":true}]}}