{"id":5284,"date":"2021-09-21T13:10:46","date_gmt":"2021-09-21T13:10:46","guid":{"rendered":"https:\/\/extempore.hr\/storia-generale\/"},"modified":"2021-10-07T06:15:38","modified_gmt":"2021-10-07T06:15:38","slug":"opca-povijest","status":"publish","type":"page","link":"https:\/\/extempore.hr\/hr\/opca-povijest\/","title":{"rendered":"Op\u0107a povijest"},"content":{"rendered":"<p><div class=\"fusion-fullwidth fullwidth-box fusion-builder-row-1 fusion-flex-container nonhundred-percent-fullwidth non-hundred-percent-height-scrolling\" style=\"--awb-border-radius-top-left:0px;--awb-border-radius-top-right:0px;--awb-border-radius-bottom-right:0px;--awb-border-radius-bottom-left:0px;--awb-margin-top:10%;--awb-flex-wrap:wrap;\" ><div class=\"fusion-builder-row fusion-row fusion-flex-align-items-flex-start fusion-flex-content-wrap\" style=\"max-width:1216.8px;margin-left: calc(-4% \/ 2 );margin-right: calc(-4% \/ 2 );\"><div class=\"fusion-layout-column fusion_builder_column fusion-builder-column-0 fusion_builder_column_1_2 1_2 fusion-flex-column fusion-animated\" style=\"--awb-padding-right:15px;--awb-padding-left:15px;--awb-bg-size:cover;--awb-width-large:50%;--awb-margin-top-large:4%;--awb-spacing-right-large:3.84%;--awb-margin-bottom-large:20px;--awb-spacing-left-large:3.84%;--awb-width-medium:40%;--awb-order-medium:0;--awb-spacing-right-medium:9.6%;--awb-spacing-left-medium:4.8%;--awb-width-small:100%;--awb-order-small:0;--awb-margin-top-small:0px;--awb-spacing-right-small:1.92%;--awb-spacing-left-small:1.92%;\" data-animationType=\"fadeInLeft\" data-animationDuration=\"1.0\" data-animationOffset=\"top-into-view\"><div class=\"fusion-column-wrapper fusion-column-has-shadow fusion-flex-justify-content-center fusion-content-layout-column\"><div class=\"fusion-title title fusion-title-1 fusion-sep-none fusion-title-text fusion-title-size-one\" style=\"--awb-margin-top-small:20px;--awb-margin-right-small:0px;--awb-margin-bottom-small:20px;--awb-margin-left-small:0px;\"><h1 class=\"fusion-title-heading title-heading-left fusion-responsive-typography-calculated\" style=\"margin:0;--fontSize:57.6;line-height:1.18;\">Op\u0107a povijest<\/h1><\/div><div class=\"fusion-text fusion-text-1\"><p style=\"text-align: justify;\">Ex Tempore Gro\u017enjan je likovni natje\u010daj kojeg su 1994. godine osmislili Talijanska unija i Narodno sveu\u010dili\u0161te iz Trsta povodom tridesete obljetnice suradnje Talijanske unije i Narodnog sveu\u010dili\u0161ta iz Trsta.\u00a0Ex Tempore se organizira u suradnji s lokalnom Zajednicom Talijana i Op\u0107inom Gro\u017enjan.<span class=\"Apple-converted-space\">\u00a0<\/span><\/p>\n<p style=\"text-align: justify;\">Manifestacija, koja ima godi\u0161nji karakter, odr\u017eava se u posljednjem tjednu mjeseca rujna i privla\u010di umjetnike i ljubitelje umjetnosti iz cijelog svijeta, koji tad hrle u veli\u010danstveni srednjovjekovni gradi\u0107 kako bi sudjelovali u jednom od najva\u017enijih doga\u0111aja za kulturu talijanske nacionalne manjine u Hrvatskoj i Sloveniji.<\/p>\n<p style=\"text-align: justify;\">Kako pi\u0161e poznati tr\u0161\u0107anski likovni kriti\u010dar Sergio Molesi, me\u0111u pobjednicima likovnog natje\u010daja Ex Tempore Gro\u017enjan isti\u010du se umjetnici velikog presti\u017ea poput Paola Cervija Kervischera iz Trsta, Alfredoa De Locatellija iz Gorizie, Harija Ivan\u010di\u0107a iz Buzeta, Zdravka Mili\u0107a iz Labina, Claudija Ugussija iz Buja i Igora Zenzerovi\u0107a iz Pule, imena koja su s vremenom postala sama bit ovog umjetni\u010dkog grada.<\/p>\n<\/div><div style=\"text-align:right;\"><a class=\"fusion-button button-flat fusion-button-default-size button-custom fusion-button-default button-1 fusion-button-default-span fusion-button-default-type\" style=\"--button_accent_color:#ffffff;--button_accent_hover_color:#ffffff;--button_border_hover_color:#b70000;--button_border_width-top:0;--button_border_width-right:0;--button_border_width-bottom:0;--button_border_width-left:0;--button_gradient_top_color:rgba(255,152,6,0);--button_gradient_bottom_color:rgba(255,152,6,0);--button_gradient_top_color_hover:rgba(255,255,255,0);--button_gradient_bottom_color_hover:rgba(255,255,255,0);\" target=\"_self\" href=\"#slijedeci1\"><span class=\"fusion-button-text awb-button__text awb-button__text--default\">Nastavi \u010ditati<\/span><i class=\"fa-angle-down fas awb-button__icon awb-button__icon--default button-icon-right\" aria-hidden=\"true\"><\/i><\/a><\/div><\/div><\/div><div class=\"fusion-layout-column fusion_builder_column fusion-builder-column-1 fusion_builder_column_1_2 1_2 fusion-flex-column\" style=\"--awb-overflow:hidden;--awb-bg-size:cover;--awb-border-radius:50% 50% 50% 50%;--awb-filter:saturate(100%) brightness(100%) contrast(100%) opacity(100%);--awb-filter-transition:filter 0.3s ease;--awb-filter-hover:saturate(0%) brightness(110%) contrast(110%) opacity(90%);--awb-width-large:50%;--awb-margin-top-large:20px;--awb-spacing-right-large:11.52%;--awb-margin-bottom-large:20px;--awb-spacing-left-large:3.84%;--awb-width-medium:100%;--awb-order-medium:0;--awb-spacing-right-medium:1.92%;--awb-spacing-left-medium:1.92%;--awb-width-small:100%;--awb-order-small:0;--awb-spacing-right-small:1.92%;--awb-spacing-left-small:1.92%;\"><div class=\"fusion-column-wrapper fusion-column-has-shadow fusion-flex-justify-content-flex-start fusion-content-layout-column\"><div class=\"fusion-separator fusion-no-small-visibility fusion-full-width-sep\" style=\"align-self: center;margin-left: auto;margin-right: auto;margin-top:150px;width:100%;\"><\/div><div class=\"fusion-image-element \" style=\"--awb-caption-title-font-family:var(--h2_typography-font-family);--awb-caption-title-font-weight:var(--h2_typography-font-weight);--awb-caption-title-font-style:var(--h2_typography-font-style);--awb-caption-title-size:var(--h2_typography-font-size);--awb-caption-title-transform:var(--h2_typography-text-transform);--awb-caption-title-line-height:var(--h2_typography-line-height);--awb-caption-title-letter-spacing:var(--h2_typography-letter-spacing);\"><span class=\" fusion-imageframe imageframe-none imageframe-1 hover-type-zoomin fusion-animated\" style=\"border-radius:50%;\" data-animationType=\"fadeInLeft\" data-animationDuration=\"1.0\" data-animationOffset=\"top-into-view\"><img decoding=\"async\" width=\"1500\" height=\"1500\" title=\"Extempore\" src=\"https:\/\/extempore.hr\/wp-content\/uploads\/2021\/09\/07-gris-min.jpg\" alt class=\"img-responsive wp-image-5285\" srcset=\"https:\/\/extempore.hr\/wp-content\/uploads\/2021\/09\/07-gris-min-200x200.jpg 200w, https:\/\/extempore.hr\/wp-content\/uploads\/2021\/09\/07-gris-min-400x400.jpg 400w, https:\/\/extempore.hr\/wp-content\/uploads\/2021\/09\/07-gris-min-600x600.jpg 600w, https:\/\/extempore.hr\/wp-content\/uploads\/2021\/09\/07-gris-min-800x800.jpg 800w, https:\/\/extempore.hr\/wp-content\/uploads\/2021\/09\/07-gris-min-1200x1200.jpg 1200w, https:\/\/extempore.hr\/wp-content\/uploads\/2021\/09\/07-gris-min.jpg 1500w\" sizes=\"(max-width: 1024px) 100vw, (max-width: 640px) 100vw, 600px\" \/><\/span><\/div><\/div><\/div><\/div><\/div><div id=\"slijedeci1\" class=\"fusion-container-anchor\"><div class=\"fusion-fullwidth fullwidth-box fusion-builder-row-2 fusion-flex-container nonhundred-percent-fullwidth non-hundred-percent-height-scrolling\" style=\"--awb-border-radius-top-left:0px;--awb-border-radius-top-right:0px;--awb-border-radius-bottom-right:0px;--awb-border-radius-bottom-left:0px;--awb-flex-wrap:wrap;\" ><div class=\"fusion-builder-row fusion-row fusion-flex-align-items-flex-start fusion-flex-content-wrap\" style=\"max-width:1216.8px;margin-left: calc(-4% \/ 2 );margin-right: calc(-4% \/ 2 );\"><div class=\"fusion-layout-column fusion_builder_column fusion-builder-column-2 fusion_builder_column_1_1 1_1 fusion-flex-column\" style=\"--awb-padding-right:15px;--awb-padding-left:15px;--awb-bg-size:cover;--awb-width-large:100%;--awb-margin-top-large:20px;--awb-spacing-right-large:1.92%;--awb-margin-bottom-large:20px;--awb-spacing-left-large:1.92%;--awb-width-medium:100%;--awb-order-medium:0;--awb-spacing-right-medium:1.92%;--awb-spacing-left-medium:1.92%;--awb-width-small:100%;--awb-order-small:0;--awb-spacing-right-small:1.92%;--awb-spacing-left-small:1.92%;\"><div class=\"fusion-column-wrapper fusion-column-has-shadow fusion-flex-justify-content-flex-start fusion-content-layout-column\"><div class=\"fusion-text fusion-text-2\"><p style=\"text-align: justify;\">Ex Tempore svake godine iznova predla\u017ee \u010daroliju umjetni\u010dkog doga\u0111aja, koji je upotpunjen predstavama, koncertima i izlo\u017ebama u kojima sudjeluje mnogo ljudi: osim umjetnika i obi\u010dni posjetitelji doslovno prodiru u ulice ovog o\u010daravaju\u0107eg istarskog gradi\u0107a, punog galerija koje su ispunjene slikama i umjetni\u010dkim djelima, oboga\u0107uju\u0107i ga jedinstvenom multietni\u010dkom kulturnom \u017eivo\u0161\u0107u.<\/p>\n<p style=\"text-align: justify;\">Me\u0111unarodni \u017eiri iz godine u godinu dodjeljuje prve tri nagrade dok se drugim slikarima dodjeljuje<span class=\"Apple-converted-space\">\u00a0 <\/span>nagrada &#8220;Grada Gro\u017enjana&#8221;. 2018. godine, radi promicanja i podr\u0161ke radu mladih umjetnika (18-30 godina) te u znak sje\u0107anja na umjetnicu koja je pridonijela razvoju kulturnog identiteta Talijanske nacionalne zajednice, uvr\u0161tena je u Pravilnik 25. izdanja Ex Tempore nagrada \u201cDaria Vlahov Horvat\u201d koja uklju\u010duje samostalnu izlo\u017ebu u Galeriji &#8220;Fonticus&#8221; u Gro\u017enjanu.<\/p>\n<\/div><div style=\"text-align:right;\"><a class=\"fusion-button button-flat fusion-button-default-size button-custom fusion-button-default button-2 fusion-button-default-span fusion-button-default-type fusion-no-medium-visibility fusion-no-large-visibility\" style=\"--button_accent_color:#ffffff;--button_accent_hover_color:#ffffff;--button_border_hover_color:#b70000;--button_border_width-top:0;--button_border_width-right:0;--button_border_width-bottom:0;--button_border_width-left:0;--button_gradient_top_color:rgba(255,152,6,0);--button_gradient_bottom_color:rgba(255,152,6,0);--button_gradient_top_color_hover:rgba(255,255,255,0);--button_gradient_bottom_color_hover:rgba(255,255,255,0);\" target=\"_self\" href=\"#slijedeci3\"><span class=\"fusion-button-text awb-button__text awb-button__text--default\">Nastavi \u010ditati<\/span><i class=\"fa-angle-down fas awb-button__icon awb-button__icon--default button-icon-right\" aria-hidden=\"true\"><\/i><\/a><\/div><\/div><\/div><\/div><\/div><\/div><div id=\"slijedeci3\" class=\"fusion-container-anchor\"><div class=\"fusion-fullwidth fullwidth-box fusion-builder-row-3 fusion-flex-container nonhundred-percent-fullwidth non-hundred-percent-height-scrolling\" style=\"--awb-border-radius-top-left:0px;--awb-border-radius-top-right:0px;--awb-border-radius-bottom-right:0px;--awb-border-radius-bottom-left:0px;--awb-padding-bottom:30px;--awb-flex-wrap:wrap;\" ><div class=\"fusion-builder-row fusion-row fusion-flex-align-items-flex-start fusion-flex-content-wrap\" style=\"max-width:1216.8px;margin-left: calc(-4% \/ 2 );margin-right: calc(-4% \/ 2 );\"><div class=\"fusion-layout-column fusion_builder_column fusion-builder-column-3 fusion_builder_column_1_2 1_2 fusion-flex-column\" style=\"--awb-padding-left:24px;--awb-overflow:hidden;--awb-bg-size:cover;--awb-border-radius:50% 50% 50% 50%;--awb-filter:saturate(100%) brightness(100%) contrast(100%) opacity(100%);--awb-filter-transition:filter 0.3s ease;--awb-filter-hover:saturate(0%) brightness(110%) contrast(110%) opacity(90%);--awb-width-large:50%;--awb-margin-top-large:20px;--awb-spacing-right-large:3.84%;--awb-margin-bottom-large:20px;--awb-spacing-left-large:11.52%;--awb-width-medium:100%;--awb-order-medium:0;--awb-spacing-right-medium:1.92%;--awb-spacing-left-medium:1.92%;--awb-width-small:100%;--awb-order-small:0;--awb-spacing-right-small:1.92%;--awb-spacing-left-small:1.92%;\"><div class=\"fusion-column-wrapper fusion-column-has-shadow fusion-flex-justify-content-flex-start fusion-content-layout-column\"><div class=\"fusion-image-element \" style=\"--awb-caption-title-font-family:var(--h2_typography-font-family);--awb-caption-title-font-weight:var(--h2_typography-font-weight);--awb-caption-title-font-style:var(--h2_typography-font-style);--awb-caption-title-size:var(--h2_typography-font-size);--awb-caption-title-transform:var(--h2_typography-text-transform);--awb-caption-title-line-height:var(--h2_typography-line-height);--awb-caption-title-letter-spacing:var(--h2_typography-letter-spacing);\"><span class=\" fusion-imageframe imageframe-none imageframe-2 hover-type-zoomin fusion-animated\" style=\"border-radius:50%;\" data-animationType=\"fadeInLeft\" data-animationDuration=\"1.0\" data-animationOffset=\"top-into-view\"><img decoding=\"async\" width=\"1500\" height=\"1500\" title=\"Extempore\" src=\"https:\/\/extempore.hr\/wp-content\/uploads\/2021\/09\/06-gri-min.jpg\" alt class=\"img-responsive wp-image-5543\" srcset=\"https:\/\/extempore.hr\/wp-content\/uploads\/2021\/09\/06-gri-min-200x200.jpg 200w, https:\/\/extempore.hr\/wp-content\/uploads\/2021\/09\/06-gri-min-400x400.jpg 400w, https:\/\/extempore.hr\/wp-content\/uploads\/2021\/09\/06-gri-min-600x600.jpg 600w, https:\/\/extempore.hr\/wp-content\/uploads\/2021\/09\/06-gri-min-800x800.jpg 800w, https:\/\/extempore.hr\/wp-content\/uploads\/2021\/09\/06-gri-min-1200x1200.jpg 1200w, https:\/\/extempore.hr\/wp-content\/uploads\/2021\/09\/06-gri-min.jpg 1500w\" sizes=\"(max-width: 1024px) 100vw, (max-width: 640px) 100vw, 600px\" \/><\/span><\/div><\/div><\/div><div class=\"fusion-layout-column fusion_builder_column fusion-builder-column-4 fusion_builder_column_1_2 1_2 fusion-flex-column\" style=\"--awb-padding-right:15px;--awb-padding-left:15px;--awb-bg-size:cover;--awb-width-large:50%;--awb-margin-top-large:20px;--awb-spacing-right-large:3.84%;--awb-margin-bottom-large:20px;--awb-spacing-left-large:3.84%;--awb-width-medium:100%;--awb-order-medium:0;--awb-spacing-right-medium:1.92%;--awb-spacing-left-medium:1.92%;--awb-width-small:100%;--awb-order-small:0;--awb-spacing-right-small:1.92%;--awb-spacing-left-small:1.92%;\"><div class=\"fusion-column-wrapper fusion-column-has-shadow fusion-flex-justify-content-flex-start fusion-content-layout-column\"><div class=\"fusion-text fusion-text-3\"><p style=\"text-align: justify;\">Iste godine uvodi se i Nagrada umjetnika kojom se nagra\u0111uje umjetni\u010dko djelo za kojega je glasovalo najvi\u0161e umjetnika sudionika natje\u010daja. <span class=\"Apple-converted-space\">\u00a0<\/span><\/p>\n<p style=\"text-align: justify;\">Gro\u017enjanski Ex Tempore jedan je od najva\u017enijih trenutaka na interkulturnoj razini jer predstavlja trenutak razmjene i usporedbe izme\u0111u umjetnika stare i nove generacije koji se susre\u0107u, suo\u010davaju i razmjenjuju umjetni\u010dka iskustva koja \u0107e postati sastavni dio njihove umjetni\u010dko-egzistencijalne prtljage.<\/p>\n<p style=\"text-align: justify;\">Multikulturalna priroda ove umjetni\u010dke manifestacije, koja svake godine privla\u010di slikare i entuzijaste razli\u010ditih nacionalnosti, obnavlja ono \u0161to je Giuseppe Rota, povijesna li\u010dnost Talijanske nacionalne zajednice, definirao kao \u201ekulturu su\u017eivota i me\u0111usobnog po\u0161tovanja, koji su kvintesencija civilnog \u017eivota\u201c.<\/p>\n<\/div><\/div><\/div><\/div><\/div><\/div><\/p>\n","protected":false},"excerpt":{"rendered":"","protected":false},"author":1,"featured_media":0,"parent":0,"menu_order":0,"comment_status":"closed","ping_status":"closed","template":"100-width.php","meta":{"footnotes":""},"class_list":["post-5284","page","type-page","status-publish","hentry"],"_links":{"self":[{"href":"https:\/\/extempore.hr\/hr\/wp-json\/wp\/v2\/pages\/5284","targetHints":{"allow":["GET"]}}],"collection":[{"href":"https:\/\/extempore.hr\/hr\/wp-json\/wp\/v2\/pages"}],"about":[{"href":"https:\/\/extempore.hr\/hr\/wp-json\/wp\/v2\/types\/page"}],"author":[{"embeddable":true,"href":"https:\/\/extempore.hr\/hr\/wp-json\/wp\/v2\/users\/1"}],"replies":[{"embeddable":true,"href":"https:\/\/extempore.hr\/hr\/wp-json\/wp\/v2\/comments?post=5284"}],"version-history":[{"count":9,"href":"https:\/\/extempore.hr\/hr\/wp-json\/wp\/v2\/pages\/5284\/revisions"}],"predecessor-version":[{"id":5667,"href":"https:\/\/extempore.hr\/hr\/wp-json\/wp\/v2\/pages\/5284\/revisions\/5667"}],"wp:attachment":[{"href":"https:\/\/extempore.hr\/hr\/wp-json\/wp\/v2\/media?parent=5284"}],"curies":[{"name":"wp","href":"https:\/\/api.w.org\/{rel}","templated":true}]}}