{"id":5256,"date":"2021-09-21T08:15:32","date_gmt":"2021-09-21T08:15:32","guid":{"rendered":"https:\/\/extempore.hr\/come-participare\/"},"modified":"2021-11-02T08:24:34","modified_gmt":"2021-11-02T08:24:34","slug":"kako-sudjelovati","status":"publish","type":"page","link":"https:\/\/extempore.hr\/hr\/kako-sudjelovati\/","title":{"rendered":"Kako sudjelovati?"},"content":{"rendered":"<p><div class=\"fusion-fullwidth fullwidth-box fusion-builder-row-1 fusion-flex-container nonhundred-percent-fullwidth non-hundred-percent-height-scrolling\" style=\"--awb-border-radius-top-left:0px;--awb-border-radius-top-right:0px;--awb-border-radius-bottom-right:0px;--awb-border-radius-bottom-left:0px;--awb-margin-top:0px;--awb-flex-wrap:wrap;\" ><div class=\"fusion-builder-row fusion-row fusion-flex-align-items-flex-start fusion-flex-content-wrap\" style=\"max-width:1216.8px;margin-left: calc(-4% \/ 2 );margin-right: calc(-4% \/ 2 );\"><div class=\"fusion-layout-column fusion_builder_column fusion-builder-column-0 fusion_builder_column_1_1 1_1 fusion-flex-column\" style=\"--awb-bg-size:cover;--awb-width-large:100%;--awb-margin-top-large:20px;--awb-spacing-right-large:1.92%;--awb-margin-bottom-large:20px;--awb-spacing-left-large:1.92%;--awb-width-medium:100%;--awb-order-medium:0;--awb-spacing-right-medium:1.92%;--awb-spacing-left-medium:1.92%;--awb-width-small:100%;--awb-order-small:0;--awb-spacing-right-small:1.92%;--awb-spacing-left-small:1.92%;\"><div class=\"fusion-column-wrapper fusion-column-has-shadow fusion-flex-justify-content-flex-start fusion-content-layout-column\"><div class=\"fusion-separator fusion-no-small-visibility fusion-no-medium-visibility fusion-full-width-sep\" style=\"align-self: center;margin-left: auto;margin-right: auto;margin-top:150px;width:100%;\"><\/div><\/div><\/div><div class=\"fusion-layout-column fusion_builder_column fusion-builder-column-1 fusion_builder_column_1_2 1_2 fusion-flex-column fusion-animated\" style=\"--awb-padding-right:15px;--awb-padding-left:15px;--awb-bg-size:cover;--awb-width-large:50%;--awb-margin-top-large:20px;--awb-spacing-right-large:3.84%;--awb-margin-bottom-large:20px;--awb-spacing-left-large:7.68%;--awb-width-medium:40%;--awb-order-medium:0;--awb-spacing-right-medium:9.6%;--awb-spacing-left-medium:4.8%;--awb-width-small:100%;--awb-order-small:0;--awb-margin-top-small:0px;--awb-spacing-right-small:1.92%;--awb-spacing-left-small:1.92%;\" data-animationType=\"fadeInLeft\" data-animationDuration=\"1.0\" data-animationOffset=\"top-into-view\"><div class=\"fusion-column-wrapper fusion-column-has-shadow fusion-flex-justify-content-center fusion-content-layout-column\"><div class=\"fusion-title title fusion-title-1 fusion-sep-none fusion-title-text fusion-title-size-one\" style=\"--awb-margin-top-small:20px;--awb-margin-right-small:0px;--awb-margin-bottom-small:20px;--awb-margin-left-small:0px;\"><h1 class=\"fusion-title-heading title-heading-left fusion-responsive-typography-calculated\" style=\"margin:0;--fontSize:57.6;line-height:1.18;\"><b>Kako sudjelovati?<\/b><\/h1><\/div><div class=\"fusion-text fusion-text-1\" style=\"--awb-font-size:12pt;\"><p>Prijava sudionika i pe\u010datiranje podloga odr\u017eat \u0107e se u:<\/p>\n<p><i class=\"far fa-check-circle\"><\/i> Lo\u017ei u Gro\u017enjanu u \u010detvrtak 23. rujna 2021. od 12.00 do 19.00 sati te u petak i subotu, 24. i 25. rujna 2021., od 8.00 do 19.00 sati.<\/p>\n<p><i class=\"far fa-check-circle\"><\/i> Narodnom sveu\u010dili\u0161tu u Trstu (Trg Ponterosso 6)<\/p>\n<p><i class=\"far fa-check-circle\"><\/i> Talijanskoj uniji u Rijeci (Uljarska 1\/IV)<\/p>\n<p><i class=\"far fa-check-circle\"><\/i> Talijanskoj uniji u Kopru (Ulica B. Kidri\u010da 35)<\/p>\n<p><i class=\"far fa-check-circle\"><\/i> Zajednici Talijana u Puli (Ulica Carrara 1)<\/p>\n<p><i class=\"fas fa-arrow-right\"><\/i> u \u010detvrtak i petak, 23. i 24. rujna 2021., od 9.00 do 13.00 sati. Svaki sudionik mo\u017ee pe\u010datirati dvije podloge.<\/p>\n<\/div><div style=\"text-align:right;\"><a class=\"fusion-button button-flat fusion-button-default-size button-custom fusion-button-default button-1 fusion-button-default-span fusion-button-default-type\" style=\"--button_accent_color:#ffffff;--button_accent_hover_color:#ffffff;--button_border_hover_color:#b70000;--button_border_width-top:0;--button_border_width-right:0;--button_border_width-bottom:0;--button_border_width-left:0;--button_gradient_top_color:rgba(255,152,6,0);--button_gradient_bottom_color:rgba(255,152,6,0);--button_gradient_top_color_hover:rgba(255,255,255,0);--button_gradient_bottom_color_hover:rgba(255,255,255,0);\" target=\"_self\" href=\"#slijedeci1\"><span class=\"fusion-button-text awb-button__text awb-button__text--default\">Nastavi \u010ditati<\/span><i class=\"fa-angle-down fas awb-button__icon awb-button__icon--default button-icon-right\" aria-hidden=\"true\"><\/i><\/a><\/div><\/div><\/div><div class=\"fusion-layout-column fusion_builder_column fusion-builder-column-2 fusion_builder_column_1_2 1_2 fusion-flex-column\" style=\"--awb-overflow:hidden;--awb-bg-size:cover;--awb-border-radius:50% 50% 50% 50%;--awb-filter:saturate(100%) brightness(100%) contrast(100%) opacity(100%);--awb-filter-transition:filter 0.3s ease;--awb-filter-hover:saturate(0%) brightness(110%) contrast(110%) opacity(90%);--awb-width-large:50%;--awb-margin-top-large:20px;--awb-spacing-right-large:3.84%;--awb-margin-bottom-large:20px;--awb-spacing-left-large:11.52%;--awb-width-medium:100%;--awb-order-medium:0;--awb-spacing-right-medium:1.92%;--awb-spacing-left-medium:1.92%;--awb-width-small:100%;--awb-order-small:0;--awb-spacing-right-small:1.92%;--awb-spacing-left-small:1.92%;\"><div class=\"fusion-column-wrapper fusion-column-has-shadow fusion-flex-justify-content-flex-start fusion-content-layout-column\"><div class=\"fusion-separator fusion-no-small-visibility fusion-no-medium-visibility fusion-full-width-sep\" style=\"align-self: center;margin-left: auto;margin-right: auto;margin-top:60px;width:100%;\"><\/div><div class=\"fusion-image-element \" style=\"--awb-caption-title-font-family:var(--h2_typography-font-family);--awb-caption-title-font-weight:var(--h2_typography-font-weight);--awb-caption-title-font-style:var(--h2_typography-font-style);--awb-caption-title-size:var(--h2_typography-font-size);--awb-caption-title-transform:var(--h2_typography-text-transform);--awb-caption-title-line-height:var(--h2_typography-line-height);--awb-caption-title-letter-spacing:var(--h2_typography-letter-spacing);\"><span class=\" fusion-imageframe imageframe-none imageframe-1 hover-type-zoomin fusion-animated\" style=\"border-radius:50%;\" data-animationType=\"fadeInLeft\" data-animationDuration=\"1.0\" data-animationOffset=\"top-into-view\"><img decoding=\"async\" width=\"1500\" height=\"1500\" title=\"Extempore\" src=\"https:\/\/extempore.hr\/wp-content\/uploads\/2021\/09\/export-grisana-min.jpg\" alt class=\"img-responsive wp-image-5257\" srcset=\"https:\/\/extempore.hr\/wp-content\/uploads\/2021\/09\/export-grisana-min-200x200.jpg 200w, https:\/\/extempore.hr\/wp-content\/uploads\/2021\/09\/export-grisana-min-400x400.jpg 400w, https:\/\/extempore.hr\/wp-content\/uploads\/2021\/09\/export-grisana-min-600x600.jpg 600w, https:\/\/extempore.hr\/wp-content\/uploads\/2021\/09\/export-grisana-min-800x800.jpg 800w, https:\/\/extempore.hr\/wp-content\/uploads\/2021\/09\/export-grisana-min-1200x1200.jpg 1200w, https:\/\/extempore.hr\/wp-content\/uploads\/2021\/09\/export-grisana-min.jpg 1500w\" sizes=\"(max-width: 1024px) 100vw, (max-width: 640px) 100vw, 600px\" \/><\/span><\/div><\/div><\/div><\/div><\/div><div id=\"slijedeci1\" class=\"fusion-container-anchor\"><div class=\"fusion-fullwidth fullwidth-box fusion-builder-row-2 fusion-flex-container nonhundred-percent-fullwidth non-hundred-percent-height-scrolling\" style=\"--awb-border-radius-top-left:0px;--awb-border-radius-top-right:0px;--awb-border-radius-bottom-right:0px;--awb-border-radius-bottom-left:0px;--awb-flex-wrap:wrap;\" ><div class=\"fusion-builder-row fusion-row fusion-flex-align-items-flex-start fusion-flex-content-wrap\" style=\"max-width:1216.8px;margin-left: calc(-4% \/ 2 );margin-right: calc(-4% \/ 2 );\"><div class=\"fusion-layout-column fusion_builder_column fusion-builder-column-3 fusion_builder_column_1_1 1_1 fusion-flex-column\" style=\"--awb-padding-left:35px;--awb-bg-size:cover;--awb-width-large:100%;--awb-margin-top-large:20px;--awb-spacing-right-large:1.92%;--awb-margin-bottom-large:20px;--awb-spacing-left-large:1.92%;--awb-width-medium:100%;--awb-order-medium:0;--awb-spacing-right-medium:1.92%;--awb-spacing-left-medium:1.92%;--awb-width-small:100%;--awb-order-small:0;--awb-spacing-right-small:1.92%;--awb-spacing-left-small:1.92%;\"><div class=\"fusion-column-wrapper fusion-column-has-shadow fusion-flex-justify-content-flex-start fusion-content-layout-column\"><div class=\"fusion-text fusion-text-2\"><div class=\"page\" title=\"Page 2\">\n<div class=\"layoutArea\">\n<div class=\"column\">\n<p style=\"text-align: justify;\">Teme radova su: GROZ\u030cNJAN \u2013 ISTARSKI KRAJOLIK<\/p>\n<p style=\"text-align: justify;\">Umjetnici mogu sami izabrati slikarsku tehniku i materijale pod uvjetom da se osiguraju karakteristike stabilnosti, trajnosti, lakoc\u0301e u odrz\u030cavanju i rukovanju. Format ne smije biti vec\u0301i od 100 x 120 cm. Sudionici c\u0301e izloz\u030citi svoje radove u nedjelju, 26. rujna, do 11.00 sati, uzduz\u030c ulice koja povezuje Veliki trg i Loz\u030cu, te po susjednim ulicama. Slike c\u0301e biti izloz\u030cene do 17.00 sati. Na pole\u0111ini radova mora se nalaziti listic\u0301 kojeg sudionici dobivaju prilikom prijave, a na kojem je navedeno ime i prezime sudionika, adresa, naslov rada, slikarska tehnika te vrije- dnost slike izraz\u030cena u kunama ili eurima. Me\u0111unarodni z\u030ciri dodijelit c\u0301e nagrade bez obzira na vrijednost koju je autor naveo na pole\u0111ini slike. Odluka me\u0111unarodnog z\u030cirija je konac\u030cna. Sudjelovanje na Ex Tempore podrazumijeva prihvac\u0301anje ovog pravilnika. Radovi kojima je dodi- jeljena 1. i 2. nagrada ostat c\u0301e u vlasnis\u030ctvu Talijanske unije Rijeka, dok c\u0301e trec\u0301e nagra\u0111eni rad ostati u vlasnis\u030ctvu Zajednice Talijana Groz\u030cnjan.<\/p>\n<\/div>\n<\/div>\n<\/div>\n<\/div><div style=\"text-align:right;\"><a class=\"fusion-button button-flat fusion-button-default-size button-custom fusion-button-default button-2 fusion-button-default-span fusion-button-default-type fusion-no-medium-visibility fusion-no-large-visibility\" style=\"--button_accent_color:#ffffff;--button_accent_hover_color:#ffffff;--button_border_hover_color:#b70000;--button_border_width-top:0;--button_border_width-right:0;--button_border_width-bottom:0;--button_border_width-left:0;--button_gradient_top_color:rgba(255,152,6,0);--button_gradient_bottom_color:rgba(255,152,6,0);--button_gradient_top_color_hover:rgba(255,255,255,0);--button_gradient_bottom_color_hover:rgba(255,255,255,0);\" target=\"_self\" href=\"#slijedeci3\"><span class=\"fusion-button-text awb-button__text awb-button__text--default\">Nastavi \u010ditati<\/span><i class=\"fa-angle-down fas awb-button__icon awb-button__icon--default button-icon-right\" aria-hidden=\"true\"><\/i><\/a><\/div><\/div><\/div><\/div><\/div><\/div><div id=\"slijedeci3\" class=\"fusion-container-anchor\"><div class=\"fusion-fullwidth fullwidth-box fusion-builder-row-3 fusion-flex-container nonhundred-percent-fullwidth non-hundred-percent-height-scrolling\" style=\"--awb-border-radius-top-left:0px;--awb-border-radius-top-right:0px;--awb-border-radius-bottom-right:0px;--awb-border-radius-bottom-left:0px;--awb-flex-wrap:wrap;\" ><div class=\"fusion-builder-row fusion-row fusion-flex-align-items-flex-start fusion-flex-content-wrap\" style=\"max-width:1216.8px;margin-left: calc(-4% \/ 2 );margin-right: calc(-4% \/ 2 );\"><div class=\"fusion-layout-column fusion_builder_column fusion-builder-column-4 fusion_builder_column_1_2 1_2 fusion-flex-column\" style=\"--awb-overflow:hidden;--awb-bg-size:cover;--awb-border-radius:50% 50% 50% 50%;--awb-filter:saturate(100%) brightness(100%) contrast(100%) opacity(100%);--awb-filter-transition:filter 0.3s ease;--awb-filter-hover:saturate(0%) brightness(110%) contrast(110%) opacity(90%);--awb-width-large:50%;--awb-margin-top-large:20px;--awb-spacing-right-large:3.84%;--awb-margin-bottom-large:20px;--awb-spacing-left-large:11.52%;--awb-width-medium:100%;--awb-order-medium:0;--awb-spacing-right-medium:1.92%;--awb-spacing-left-medium:1.92%;--awb-width-small:100%;--awb-order-small:0;--awb-spacing-right-small:1.92%;--awb-spacing-left-small:1.92%;\"><div class=\"fusion-column-wrapper fusion-column-has-shadow fusion-flex-justify-content-flex-start fusion-content-layout-column\"><div class=\"fusion-image-element \" style=\"--awb-caption-title-font-family:var(--h2_typography-font-family);--awb-caption-title-font-weight:var(--h2_typography-font-weight);--awb-caption-title-font-style:var(--h2_typography-font-style);--awb-caption-title-size:var(--h2_typography-font-size);--awb-caption-title-transform:var(--h2_typography-text-transform);--awb-caption-title-line-height:var(--h2_typography-line-height);--awb-caption-title-letter-spacing:var(--h2_typography-letter-spacing);\"><span class=\" fusion-imageframe imageframe-none imageframe-2 hover-type-zoomin fusion-animated\" style=\"border-radius:50%;\" data-animationType=\"fadeInLeft\" data-animationDuration=\"1.0\" data-animationOffset=\"top-into-view\"><img decoding=\"async\" width=\"1500\" height=\"1500\" title=\"Extempore\" src=\"https:\/\/extempore.hr\/wp-content\/uploads\/2021\/09\/griznjan-08-min.jpg\" alt class=\"img-responsive wp-image-5544\" srcset=\"https:\/\/extempore.hr\/wp-content\/uploads\/2021\/09\/griznjan-08-min-200x200.jpg 200w, https:\/\/extempore.hr\/wp-content\/uploads\/2021\/09\/griznjan-08-min-400x400.jpg 400w, https:\/\/extempore.hr\/wp-content\/uploads\/2021\/09\/griznjan-08-min-600x600.jpg 600w, https:\/\/extempore.hr\/wp-content\/uploads\/2021\/09\/griznjan-08-min-800x800.jpg 800w, https:\/\/extempore.hr\/wp-content\/uploads\/2021\/09\/griznjan-08-min-1200x1200.jpg 1200w, https:\/\/extempore.hr\/wp-content\/uploads\/2021\/09\/griznjan-08-min.jpg 1500w\" sizes=\"(max-width: 1024px) 100vw, (max-width: 640px) 100vw, 600px\" \/><\/span><\/div><\/div><\/div><div class=\"fusion-layout-column fusion_builder_column fusion-builder-column-5 fusion_builder_column_1_2 1_2 fusion-flex-column\" style=\"--awb-padding-left:30px;--awb-bg-size:cover;--awb-width-large:50%;--awb-margin-top-large:20px;--awb-spacing-right-large:3.84%;--awb-margin-bottom-large:20px;--awb-spacing-left-large:3.84%;--awb-width-medium:100%;--awb-order-medium:0;--awb-spacing-right-medium:1.92%;--awb-spacing-left-medium:1.92%;--awb-width-small:100%;--awb-order-small:0;--awb-spacing-right-small:1.92%;--awb-spacing-left-small:1.92%;\"><div class=\"fusion-column-wrapper fusion-column-has-shadow fusion-flex-justify-content-flex-start fusion-content-layout-column\"><div class=\"fusion-text fusion-text-3\"><p style=\"text-align: justify;\">Prva nagrada: \u00a0<strong> 2.500,00<\/strong>\u00a0\u20ac<\/p>\n<p style=\"text-align: justify;\">Druga nagrada: <strong>\u00a01.500,00<\/strong> \u20ac<\/p>\n<p style=\"text-align: justify;\">Tre\u0107a nagrada: \u00a0 <strong>1.000,00<\/strong> \u20ac<\/p>\n<p style=\"text-align: justify;\">Nagrada grada Gro\u017enjana: <strong>\u00a05.000<\/strong> kn<\/p>\n<div class=\"page\" title=\"Page 2\">\n<div class=\"layoutArea\">\n<div class=\"column\">\n<p>Nagrada \u201cDaria Vlahov Horvat\u201d: samostalna izloz\u030cba u Galeriji \u201cFonticus\u201d u Groz\u030cnjanu<\/p>\n<\/div>\n<\/div>\n<\/div>\n<div class=\"page\" title=\"Page 2\">\n<div class=\"layoutArea\">\n<div class=\"column\">\n<p>Sve su nagrade navedene u neto iznosu.<\/p>\n<\/div>\n<\/div>\n<\/div>\n<div class=\"page\" title=\"Page 2\">\n<div class=\"layoutArea\">\n<div class=\"column\">\n<p style=\"text-align: justify;\">Svec\u030cana dodjela nagrada odrz\u030cat c\u0301e se u nedjelju,<strong> 26. rujna 2021.<\/strong>, u <strong>16.00 sati<\/strong> na terasi Belvedere. Radovi koji nisu nagra\u0111eni, preuzet c\u0301e se nakon svec\u030canosti dodjele nagrada; u protivnom, smatrat c\u0301e se poklonjene Opc\u0301ini Groz\u030cnjan. Organizatori ne preuzimaju nikakvu od- govornost za eventualna os\u030ctec\u0301enja radova nastala zbog nepredvidivih okolnosti.<\/p>\n<p style=\"text-align: justify;\">Uzimajuc\u0301i u obzir epidemiolos\u030cku situaciju, doga\u0111aj moz\u030ce biti podloz\u030can promjenama i morat c\u0301e se usvojiti epidemiolos\u030cke mjere predvi\u0111ene od strane lokalnog Stoz\u030cera civilne zas\u030ctite. Iz tog razloga pozivamo vas da nas pratite na web stranicama i drus\u030ctvenim mrez\u030cama, do datuma odrz\u030cavanja likovnog natjec\u030caja.<\/p>\n<\/div>\n<\/div>\n<\/div>\n<\/div><div style=\"text-align:right;\"><a class=\"fusion-button button-flat fusion-button-default-size button-custom fusion-button-default button-3 fusion-button-default-span fusion-button-default-type\" style=\"--button_accent_color:#ffffff;--button_accent_hover_color:#ffffff;--button_border_hover_color:#b70000;--button_border_width-top:0;--button_border_width-right:0;--button_border_width-bottom:0;--button_border_width-left:0;--button_gradient_top_color:rgba(255,152,6,0);--button_gradient_bottom_color:rgba(255,152,6,0);--button_gradient_top_color_hover:rgba(255,255,255,0);--button_gradient_bottom_color_hover:rgba(255,255,255,0);\" target=\"_self\" href=\"#slijedeci2\"><span class=\"fusion-button-text awb-button__text awb-button__text--default\">Prijavi se<\/span><i class=\"fa-angle-down fas awb-button__icon awb-button__icon--default button-icon-right\" aria-hidden=\"true\"><\/i><\/a><\/div><\/div><\/div><\/div><\/div><\/div><div id=\"slijedeci2\" class=\"fusion-container-anchor\"><div class=\"fusion-fullwidth fullwidth-box fusion-builder-row-4 fusion-flex-container nonhundred-percent-fullwidth non-hundred-percent-height-scrolling\" style=\"--awb-border-radius-top-left:0px;--awb-border-radius-top-right:0px;--awb-border-radius-bottom-right:0px;--awb-border-radius-bottom-left:0px;--awb-flex-wrap:wrap;\" ><div class=\"fusion-builder-row fusion-row fusion-flex-align-items-flex-start fusion-flex-content-wrap\" style=\"max-width:1216.8px;margin-left: calc(-4% \/ 2 );margin-right: calc(-4% \/ 2 );\"><div class=\"fusion-layout-column fusion_builder_column fusion-builder-column-6 fusion_builder_column_1_5 1_5 fusion-flex-column\" style=\"--awb-bg-size:cover;--awb-width-large:20%;--awb-margin-top-large:20px;--awb-spacing-right-large:9.6%;--awb-margin-bottom-large:20px;--awb-spacing-left-large:9.6%;--awb-width-medium:100%;--awb-order-medium:0;--awb-spacing-right-medium:1.92%;--awb-spacing-left-medium:1.92%;--awb-width-small:100%;--awb-order-small:0;--awb-spacing-right-small:1.92%;--awb-spacing-left-small:1.92%;\"><div class=\"fusion-column-wrapper fusion-column-has-shadow fusion-flex-justify-content-flex-start fusion-content-layout-column\"><\/div><\/div><div class=\"fusion-layout-column fusion_builder_column fusion-builder-column-7 fusion_builder_column_3_5 3_5 fusion-flex-column\" style=\"--awb-bg-size:cover;--awb-width-large:60%;--awb-margin-top-large:20px;--awb-spacing-right-large:3.2%;--awb-margin-bottom-large:20px;--awb-spacing-left-large:3.2%;--awb-width-medium:100%;--awb-order-medium:0;--awb-spacing-right-medium:1.92%;--awb-spacing-left-medium:1.92%;--awb-width-small:100%;--awb-order-small:0;--awb-spacing-right-small:1.92%;--awb-spacing-left-small:1.92%;\"><div class=\"fusion-column-wrapper fusion-column-has-shadow fusion-flex-justify-content-flex-start fusion-content-layout-column\"><div class=\"fusion-text fusion-text-4\"><p><!-- Begin Mailchimp Signup Form --><\/p>\n<p style=\"text-align: justify;\">\n<style type=\"text\/css\">\n               #mc_embed_signup<br \/>               \/* Add your own Mailchimp form style overrides in your site stylesheet or in this style block.<br \/>                  We recommend moving this block and the preceding CSS link to the HEAD of your HTML file. *\/<br \/><\/style>\n<\/p>\n<div id=\"mc_embed_signup\">\n<form id=\"mc-embedded-subscribe-form\" class=\"validate\" action=\"https:\/\/extempore-grisignana.us5.list-manage.com\/subscribe\/post?u=5eca8d8fd8e9795e507c545b3&id=9ace531734\" method=\"post\" name=\"mc-embedded-subscribe-form\" novalidate=\"\" target=\"_blank\">\n<div id=\"mc_embed_signup_scroll\">\n<h2>Upi\u0161i se<\/h2>\n<div class=\"indicates-required\"><span class=\"asterisk\">*<\/span> Obavezna polja<\/div>\n<div class=\"mc-field-group\"><label for=\"mce-EMAIL\"> Email adresa <span class=\"asterisk\">*<\/span><br \/>\n<\/label><br \/>\n<input id=\"mce-EMAIL\" class=\"required email\" name=\"EMAIL\" type=\"email\" value=\"\" \/><\/div>\n<div class=\"mc-field-group\"><label for=\"mce-FNAME\"> Ime <\/label><br \/>\n<input id=\"mce-FNAME\" class=\"\" name=\"FNAME\" type=\"text\" value=\"\" \/><\/div>\n<div class=\"mc-field-group\"><label for=\"mce-LNAME\"> Prezime <\/label><br \/>\n<input id=\"mce-LNAME\" class=\"\" name=\"LNAME\" type=\"text\" value=\"\" \/><\/div>\n<div class=\"mc-field-group size1of2\"><\/div>\n<\/div>\n<div id=\"mce-responses\" class=\"clear\">\n<div id=\"mce-success-response\" class=\"response\" style=\"display: none;\"><\/div>\n<div id=\"mce-error-response\" class=\"response\" style=\"display: none;\"><\/div>\n<\/div>\n<p><!-- real people should not fill this in and expect good things - do not remove this or risk form bot signups--><\/p>\n<div style=\"position: absolute; left: -5000px;\" aria-hidden=\"true\"><input tabindex=\"-1\" name=\"b_5eca8d8fd8e9795e507c545b3_9ace531734\" type=\"text\" value=\"\" \/><\/div>\n<div class=\"clear\"><input id=\"mc-embedded-subscribe\" class=\"button\" name=\"subscribe\" type=\"submit\" value=\"Upi\u0161i se\" \/><\/div>\n<\/form>\n<\/div>\n<p><script type='text\/javascript' src='\/\/s3.amazonaws.com\/downloads.mailchimp.com\/js\/mc-validate.js'><\/script><script type='text\/javascript'>(function($) (jQuery));var $mcj = jQuery.noConflict(true);<\/script><br \/>\n<!--End mc_embed_signup--><\/p>\n<\/div><\/div><\/div><div class=\"fusion-layout-column fusion_builder_column fusion-builder-column-8 fusion_builder_column_1_5 1_5 fusion-flex-column\" style=\"--awb-bg-size:cover;--awb-width-large:20%;--awb-margin-top-large:20px;--awb-spacing-right-large:9.6%;--awb-margin-bottom-large:20px;--awb-spacing-left-large:9.6%;--awb-width-medium:100%;--awb-order-medium:0;--awb-spacing-right-medium:1.92%;--awb-spacing-left-medium:1.92%;--awb-width-small:100%;--awb-order-small:0;--awb-spacing-right-small:1.92%;--awb-spacing-left-small:1.92%;\"><div class=\"fusion-column-wrapper fusion-column-has-shadow fusion-flex-justify-content-flex-start fusion-content-layout-column\"><\/div><\/div><\/div><\/div><\/div><\/p>\n","protected":false},"excerpt":{"rendered":"","protected":false},"author":1,"featured_media":0,"parent":0,"menu_order":0,"comment_status":"closed","ping_status":"closed","template":"100-width.php","meta":{"footnotes":""},"class_list":["post-5256","page","type-page","status-publish","hentry"],"_links":{"self":[{"href":"https:\/\/extempore.hr\/hr\/wp-json\/wp\/v2\/pages\/5256","targetHints":{"allow":["GET"]}}],"collection":[{"href":"https:\/\/extempore.hr\/hr\/wp-json\/wp\/v2\/pages"}],"about":[{"href":"https:\/\/extempore.hr\/hr\/wp-json\/wp\/v2\/types\/page"}],"author":[{"embeddable":true,"href":"https:\/\/extempore.hr\/hr\/wp-json\/wp\/v2\/users\/1"}],"replies":[{"embeddable":true,"href":"https:\/\/extempore.hr\/hr\/wp-json\/wp\/v2\/comments?post=5256"}],"version-history":[{"count":22,"href":"https:\/\/extempore.hr\/hr\/wp-json\/wp\/v2\/pages\/5256\/revisions"}],"predecessor-version":[{"id":6137,"href":"https:\/\/extempore.hr\/hr\/wp-json\/wp\/v2\/pages\/5256\/revisions\/6137"}],"wp:attachment":[{"href":"https:\/\/extempore.hr\/hr\/wp-json\/wp\/v2\/media?parent=5256"}],"curies":[{"name":"wp","href":"https:\/\/api.w.org\/{rel}","templated":true}]}}